{"id":3996,"date":"2023-03-27T12:20:19","date_gmt":"2023-03-27T12:20:19","guid":{"rendered":"https:\/\/wikistartup.tn\/?page_id=3996"},"modified":"2023-03-31T12:12:18","modified_gmt":"2023-03-31T12:12:18","slug":"startup-nest-pre-seed-seed","status":"publish","type":"page","link":"https:\/\/wikistartup.tn\/fr\/startup-nest-pre-seed-seed\/","title":{"rendered":"<p>Startup-nest-pre-seed-seed<\/p>"},"content":{"rendered":"<section class=\"wpb-content-wrapper\"><div class=\"vc_row wpb_row vc_row-fluid\"><div class=\"wpb_column vc_column_container vc_col-sm-2\"><div class=\"vc_column-inner\"><div class=\"wpb_wrapper\"><\/div><\/div><\/div><div class=\"wpb_column vc_column_container vc_col-sm-8\"><div class=\"vc_column-inner\"><div class=\"wpb_wrapper\">\t\t<!-- HTML DESIGN HERE -->\r\n\t\t<div class=\"grid vc-interactive-banner\" id=\"vc-interactive-banner-182\">\r\n\t\t\t<figure class=\"effect-lexi\" style=\"background: ; width: 100%; max-width: px; width: 100%;\">\r\n\t\t\t\t<img decoding=\"async\" src=\"https:\/\/wikistartup.tn\/wp-content\/uploads\/2023\/02\/Image-Nest-copie.jpg\" alt=\"\" style=\"height: px; max-width: px; width: 100%;\">\r\n\t\t\t\t<figcaption>\r\n\t\t\t\t\t<div>\r\n\t\t\t\t\t\t<h2 style=\"font-size: 20px; color: #fbbe23; font-weight: 500;\">\r\n\t\t\t\t\t\t\t\t\t\t\t\t\t<\/h2>\r\n\t\t\t\t\t\t<p style=\"font-size: 15px; color: #fbbe23;\">\r\n\t\t\t\t\t\t\tSTARTUP NEST\r\n\t\t\t\t\t\t\t\t\t\t\t\t\t\t\t\t\t\t\t\t\t\t\t\t\t\t\t\t\r\n\t\t\t\t\t\t<\/p>\r\n\t\t\t\t\t<\/div>\r\n\t\t\t\t\t\t\t\t\t<\/figcaption>\t\t\t\r\n\t\t\t<\/figure>\r\n\t\t<\/div>\r\n\t\t<style>\r\n\t\t\t@media only screen and (max-width: 480px) {\r\n\t\t\t\t#vc-interactive-banner-182 h2 {\r\n\t\t\t\t\tfont-size: px !important;\r\n\t\t\t\t}\r\n\t\t\t\t#vc-interactive-banner-182 p {\r\n\t\t\t\t\tfont-size: px !important;\r\n\t\t\t\t}\r\n\t\t\t\t#vc-interactive-banner-182 img {\r\n\t\t\t\t\theight: px !important;\r\n\t\t\t\t}\r\n\t\t\t}\r\n\t\t<\/style>\r\n        <!-- HTML END DESIGN HERE -->\r\n\t\t<\/div><\/div><\/div><div class=\"wpb_column vc_column_container vc_col-sm-2\"><div class=\"vc_column-inner\"><div class=\"wpb_wrapper\"><\/div><\/div><\/div><\/div><div class=\"vc_row wpb_row vc_row-fluid\"><div class=\"wpb_column vc_column_container vc_col-sm-2\"><div class=\"vc_column-inner\"><div class=\"wpb_wrapper\"><\/div><\/div><\/div><div class=\"wpb_column vc_column_container vc_col-sm-8 vc_col-has-fill\"><div class=\"vc_column-inner vc_custom_1678117516366\"><div class=\"wpb_wrapper\">\t\t<div class=\"mega-line-container ma_heading_wrap96\">\r\n\t\t\t\r\n\t\t\t\t\t\t    <div class=\"mega-line-center\" style=\"text-align: center;\">  \r\n\t\t        \t<h2 style=\"font-size: 22px; color: #fbbe23; text-transform: default; ;\">\r\n\t\t\t        \tProgramme d\u2019accompagnement sectoriel d\u00e9di\u00e9 aux porteurs de projets innovants en advanced\nstage dans le secteur de la Technologie.\t\t\t        <\/h2>\r\n\t\t\t        <div style=\"line-height: 1;\">\r\n\t\t        \t\t<span style=\"width: 230px; border-top: 2px solid #ffffff;\"><\/span>\r\n\t\t        \t<\/div>\r\n\t\t        \t<div class=\"heading_desc\">\r\n\t\t\t        \t<p><span style=\"color: #ffffff\">Dans sa 3 \u00e8me \u00e9dition, Startup Nest s\u2019agit d\u2019un programme de pr\u00e9 acc\u00e9l\u00e9ration totalement d\u00e9di\u00e9 au d\u00e9veloppement TECHNOLOGIQUE dans tous les secteurs confondus, initi\u00e9 par Wiki Startup, financ\u00e9 par le minist\u00e8re des affaires \u00e9trang\u00e9res hollondais avec l\u2019appui technique de l\u2019ONG SPARK, est d\u00e9di\u00e9 \u00e0 l\u2019accompagnement et le soutien des porteurs de projets innovants.<\/span><\/p>\n\t\t\t        <\/div>\r\n\t\t      \t<\/div>\r\n\t\t    \r\n\t\t    \r\n\t\t    \r\n\t\t    \r\n\t\t          \t<\/div>\r\n\r\n      \t<style>\r\n\t\t\t.ma_heading_wrap96 .heading_desc *{\r\n\t\t\t\tfont-size: 14px;\r\n\t\t\t\t;\r\n\t\t\t}\r\n      \t<\/style>\r\n\t\t<\/div><\/div><\/div><div class=\"wpb_column vc_column_container vc_col-sm-2\"><div class=\"vc_column-inner\"><div class=\"wpb_wrapper\"><\/div><\/div><\/div><\/div><div class=\"vc_row wpb_row vc_row-fluid\"><div class=\"wpb_column vc_column_container vc_col-sm-2\"><div class=\"vc_column-inner\"><div class=\"wpb_wrapper\"><\/div><\/div><\/div><div class=\"wpb_column vc_column_container vc_col-sm-8\"><div class=\"vc_column-inner\"><div class=\"wpb_wrapper\"><div class=\"vc_empty_space\" style=\"height: 32px\"><span class=\"vc_empty_space_inner\"><\/span><\/div>\n\t<div class=\"wpb_text_column wpb_content_element\">\n\t\t<div class=\"wpb_wrapper\">\n\t\t\t<div class=\"vc_separator wpb_content_element vc_separator_align_center vc_sep_width_100 vc_sep_shadow vc_sep_border_width_2 vc_sep_pos_align_center vc_separator-has-text\"><span class=\"vc_sep_holder vc_sep_holder_l\"><span style=\"color:#fbbe23;\" class=\"vc_sep_line\"><\/span><\/span><h4>Dans le cadre de ce programme, Wiki Startup se charge de mettre en \u0153uvre ces \u00e9l\u00e9ments\nessentiels<\/h4><span class=\"vc_sep_holder vc_sep_holder_r\"><span style=\"color:#fbbe23;\" class=\"vc_sep_line\"><\/span><\/span>\n<\/div>\n\t<div class=\"wpb_text_column wpb_content_element  wpb_animate_when_almost_visible wpb_bottom-to-top bottom-to-top\">\n\t\t<div class=\"wpb_wrapper\">\n\t\t\t\n\t\t<\/div>\n\t<\/div>\n<ul>\n<li style=\"text-align: left;\">La structuration et la gestion de leurs projets<\/li>\n<li style=\"text-align: left;\">La formation de leurs \u00e9quipes<\/li>\n<li style=\"text-align: left;\">L\u2019accompagnement technique et le mentoring personnalis\u00e9<\/li>\n<li style=\"text-align: left;\">L\u2019assistance \u00e0 la lev\u00e9e de fonds<\/li>\n<li style=\"text-align: left;\">Networking et mise en relations avec les acteurs cl\u00e9s de l\u2019\u00e9cosyst\u00e8me entrepreneurial<\/li>\n<\/ul>\n\n\t\t<\/div>\n\t<\/div>\n<\/div><\/div><\/div><div class=\"wpb_column vc_column_container vc_col-sm-2\"><div class=\"vc_column-inner\"><div class=\"wpb_wrapper\"><\/div><\/div><\/div><\/div><div class=\"vc_row wpb_row vc_row-fluid\"><div class=\"wpb_column vc_column_container vc_col-sm-2\"><div class=\"vc_column-inner\"><div class=\"wpb_wrapper\"><\/div><\/div><\/div><div class=\"wpb_column vc_column_container vc_col-sm-8\"><div class=\"vc_column-inner\"><div class=\"wpb_wrapper\">\t\t<div class=\"mega-accordion maw_accordion_219\" data-active=\"false\" data-anim=\"350\" data-event=\"click\" data-closeicons=\"fa fa-plus\" data-activeicons=\"fa fa-minus\">\r\n\t\t\t\t\t<h3 class=\"ac-style\" id=\"\" style=\"text-align: left;margin-top: 0px;border-width: 0px 0px 0px 0px;border-style: solid;border-color:;border-radius: px;color: #041b7b;background:;font-size: 16px;padding-top: px;padding-bottom: px\">\r\n\t\t\tCrit\u00e8res d\u2019\u00e9l\u00e9gibilit\u00e9\t\t<\/h3>\r\n\t\t<div class=\"mega-panel\" style=\"margin-bottom: 0px;background:;border-width: 0px 0px 0px 0px;border-style: solid;border-color:\">\r\n\t\t  \n<ul>\n<li>Jeunes porteurs de projets innovants avec la communaut\u00e9 TECH<\/li>\n<li>Au minimum 2 cofondateurs et \u00e9quipe pluridisciplinaire dont au moins une femme<\/li>\n<li>Activit\u00e9 scalable et g\u00e9n\u00e9ratrice d\u2019emploi<\/li>\n<li>Un POC et un Time to Market inf\u00e9rieur \u00e0 1an<\/li>\n<\/ul>\n<p>\t\t<\/p><\/div>\r\n\r\n\t\t\t\t<h3 class=\"ac-style\" id=\"\" style=\"text-align: left;margin-top: 0px;border-width: 0px 0px 0px 0px;border-style: solid;border-color:;border-radius: px;color: #041b7b;background:;font-size: 16px;padding-top: px;padding-bottom: px\">\r\n\t\t\tProcess\u00a0adopt\u00e9\t\t<\/h3>\r\n\t\t<div class=\"mega-panel\" style=\"margin-bottom: 0px;background:;border-width: 0px 0px 0px 0px;border-style: solid;border-color:\">\r\n\t\t  \n<ul>\n<li>Appel \u00e0 candidature<\/li>\n<li>Hackathon\/Bootcamp<\/li>\n<li>&nbsp;Pitch Day<\/li>\n<li>&nbsp;Evaluation Day<\/li>\n<li>Incubation\/Pr\u00e9-acc\u00e9leration et accompagnement personnalis\u00e9<\/li>\n<li>Demo day<\/li>\n<\/ul>\n<p>\t\t<\/p><\/div>\r\n\r\n\t\t\t\t<h3 class=\"ac-style\" id=\"\" style=\"text-align: left;margin-top: 0px;border-width: 0px 0px 0px 0px;border-style: solid;border-color:;border-radius: px;color: #041b7b;background:;font-size: 16px;padding-top: px;padding-bottom: px\">\r\n\t\t\tAvantages\t\t<\/h3>\r\n\t\t<div class=\"mega-panel\" style=\"margin-bottom: 0px;background:;border-width: 0px 0px 0px 0px;border-style: solid;border-color:\">\r\n\t\t  \n<ul>\n<li>Ticket de financement<\/li>\n<li>Prise en charge logistique des projets venant des r\u00e9gions<\/li>\n<li>Valorisation de la femme entrepreneur<\/li>\n<li>Accompagnement acc\u00e9l\u00e9r\u00e9 en one to one avec une partie commune pour des th\u00e9matiques\ntransversales<\/li>\n<li>Business Voucher de 2500 DT par startup (salons, achat d\u2019\u00e9quipements, services)<\/li>\n<li>5000 $ en cr\u00e9dits AWS valide pour 2 ans.<\/li>\n<li>1 an d&#039;assistance technique AWS pour un montant de 1500 $<\/li>\n<li>Acc\u00e8s \u00e0 un r\u00e9seau riche de startups, investisseurs et autres acteurs cl\u00e9s de l\u2019\u00e9cosyst\u00e8me entrepreneurial<\/li>\n<li>Labellisation et certification<\/li>\n<li>Formations diverses et de qualit\u00e9<\/li>\n<\/ul>\n<p>\t\t<\/p><\/div>\r\n\r\n\t\t\t\t<\/div>\r\n\r\n\t\t<style>\r\n\t\t\t.maw_accordion_219 .ac-style .ui-accordion-header-icon {\r\n\t\t\t\tfont-size: 15px;\r\n\t\t\t}\r\n\t\t\t\r\n\t\t\t@media only screen and (max-width: 767px) {\r\n\t\t\t\t.maw_accordion_219 .ac-style {\r\n\t\t\t\t\tfont-size: px !important;\r\n\t\t\t\t}\r\n\t\t\t\t.maw_accordion_219 .ac-style .ui-accordion-header-icon {\r\n\t\t\t\t\tfont-size: px !important;\r\n\t\t\t\t}\r\n\t\t\t\t.maw_accordion_219 .mega-panel, \r\n\t\t\t\t.maw_accordion_219 .mega-panel * {\r\n\t\t\t\t\tfont-size: px !important;\r\n\t\t\t\t}\r\n\t\t\t}\r\n\t\t<\/style>\r\n\r\n\t\t<\/div><\/div><\/div><div class=\"wpb_column vc_column_container vc_col-sm-2\"><div class=\"vc_column-inner\"><div class=\"wpb_wrapper\"><\/div><\/div><\/div><\/div>\n<\/section>","protected":false},"excerpt":{"rendered":"<p>STARTUP NEST Sectoral support program dedicated to innovative project leaders in advanced stage in the Technology sector. In its 3rd edition, Startup Nest [...]<\/p>","protected":false},"author":1,"featured_media":0,"parent":0,"menu_order":0,"comment_status":"closed","ping_status":"closed","template":"","meta":{"footnotes":""},"class_list":["post-3996","page","type-page","status-publish","hentry"],"_links":{"self":[{"href":"https:\/\/wikistartup.tn\/fr\/wp-json\/wp\/v2\/pages\/3996","targetHints":{"allow":["GET"]}}],"collection":[{"href":"https:\/\/wikistartup.tn\/fr\/wp-json\/wp\/v2\/pages"}],"about":[{"href":"https:\/\/wikistartup.tn\/fr\/wp-json\/wp\/v2\/types\/page"}],"author":[{"embeddable":true,"href":"https:\/\/wikistartup.tn\/fr\/wp-json\/wp\/v2\/users\/1"}],"replies":[{"embeddable":true,"href":"https:\/\/wikistartup.tn\/fr\/wp-json\/wp\/v2\/comments?post=3996"}],"version-history":[{"count":6,"href":"https:\/\/wikistartup.tn\/fr\/wp-json\/wp\/v2\/pages\/3996\/revisions"}],"predecessor-version":[{"id":4065,"href":"https:\/\/wikistartup.tn\/fr\/wp-json\/wp\/v2\/pages\/3996\/revisions\/4065"}],"wp:attachment":[{"href":"https:\/\/wikistartup.tn\/fr\/wp-json\/wp\/v2\/media?parent=3996"}],"curies":[{"name":"wp","href":"https:\/\/api.w.org\/{rel}","templated":true}]}}