{"id":3866,"date":"2023-03-08T12:07:41","date_gmt":"2023-03-08T12:07:41","guid":{"rendered":"https:\/\/wikistartup.tn\/?page_id=3866"},"modified":"2024-07-03T09:53:21","modified_gmt":"2024-07-03T09:53:21","slug":"growth-act","status":"publish","type":"page","link":"https:\/\/wikistartup.tn\/fr\/growth-act\/","title":{"rendered":"<p>Growth&rsquo;act<\/p>"},"content":{"rendered":"<div data-elementor-type=\"wp-page\" data-elementor-id=\"3866\" class=\"elementor elementor-3866\" data-elementor-post-type=\"page\">\n\t\t\t\t\t\t\t\t\t<section class=\"elementor-section elementor-top-section elementor-element elementor-element-46bd67c9 elementor-section-boxed elementor-section-height-default elementor-section-height-default\" data-id=\"46bd67c9\" data-element_type=\"section\">\n\t\t\t\t\t\t<div class=\"elementor-container elementor-column-gap-default\">\n\t\t\t\t\t<div class=\"elementor-column elementor-col-100 elementor-top-column elementor-element elementor-element-1929ecea\" data-id=\"1929ecea\" data-element_type=\"column\">\n\t\t\t<div class=\"elementor-widget-wrap elementor-element-populated\">\n\t\t\t\t\t\t\t\t<div class=\"elementor-element elementor-element-81813fa elementor-widget elementor-widget-text-editor\" data-id=\"81813fa\" data-element_type=\"widget\" data-widget_type=\"text-editor.default\">\n\t\t\t\t<div class=\"elementor-widget-container\">\n\t\t\t<style>\/*! elementor - v3.17.0 - 08-11-2023 *\/\n.elementor-widget-text-editor.elementor-drop-cap-view-stacked .elementor-drop-cap{background-color:#69727d;color:#fff}.elementor-widget-text-editor.elementor-drop-cap-view-framed .elementor-drop-cap{color:#69727d;border:3px solid;background-color:transparent}.elementor-widget-text-editor:not(.elementor-drop-cap-view-default) .elementor-drop-cap{margin-top:8px}.elementor-widget-text-editor:not(.elementor-drop-cap-view-default) .elementor-drop-cap-letter{width:1em;height:1em}.elementor-widget-text-editor .elementor-drop-cap{float:left;text-align:center;line-height:1;font-size:50px}.elementor-widget-text-editor .elementor-drop-cap-letter{display:inline-block}<\/style>\t\t\t\t<p><style>\/*! elementor - v3.11.4 - 12-03-2023 *\/<br \/>.elementor-heading-title{padding:0;margin:0;line-height:1}.elementor-widget-heading .elementor-heading-title[class*=elementor-size-]>a{color:inherit;font-size:inherit;line-height:inherit}.elementor-widget-heading .elementor-heading-title.elementor-size-small{font-size:15px}.elementor-widget-heading .elementor-heading-title.elementor-size-medium{font-size:19px}.elementor-widget-heading .elementor-heading-title.elementor-size-large{font-size:29px}.elementor-widget-heading .elementor-heading-title.elementor-size-xl{font-size:39px}.elementor-widget-heading .elementor-heading-title.elementor-size-xxl{font-size:59px}<\/style><\/p>\n<h4 style=\"text-align: left;\">Growth&rsquo;act is an acceleration and support program<\/h4>\n<p><style>\/*! elementor - v3.11.4 - 12-03-2023 *\/<br \/>.elementor-widget-image{text-align:center}.elementor-widget-image a{display:inline-block}.elementor-widget-image a img[src$=\".svg\"]{width:48px}.elementor-widget-image img{vertical-align:middle;display:inline-block}<\/style><\/p>\n<p><img loading=\"lazy\" decoding=\"async\" src=\"https:\/\/wikistartup.tn\/wp-content\/uploads\/2023\/02\/1-2.jpg\" sizes=\"auto, (max-width: 935px) 100vw, 935px\" srcset=\"https:\/\/wikistartup.tn\/wp-content\/uploads\/2023\/02\/1-2.jpg 935w, https:\/\/wikistartup.tn\/wp-content\/uploads\/2023\/02\/1-2-300x225.jpg 300w, https:\/\/wikistartup.tn\/wp-content\/uploads\/2023\/02\/1-2-768x575.jpg 768w\" alt=\"\" width=\"935\" height=\"700\"><\/p>\n<h2>Investissement<\/h2>\n<p>Un ticket d\u2019investissement compris sera attribu\u00e9 aux gagnants en plus d\u2019autres avantages en\nnum\u00e9raire.<\/p>\n<p><img loading=\"lazy\" decoding=\"async\" src=\"https:\/\/wikistartup.tn\/wp-content\/uploads\/2023\/02\/4-2.jpg\" sizes=\"auto, (max-width: 933px) 100vw, 933px\" srcset=\"https:\/\/wikistartup.tn\/wp-content\/uploads\/2023\/02\/4-2.jpg 933w, https:\/\/wikistartup.tn\/wp-content\/uploads\/2023\/02\/4-2-300x225.jpg 300w, https:\/\/wikistartup.tn\/wp-content\/uploads\/2023\/02\/4-2-768x576.jpg 768w\" alt=\"\" width=\"933\" height=\"700\"><\/p>\n<h2>Comp\u00e9tences<\/h2>\n<p>D\u00e9velopper davantage les comp\u00e9tences des startups en termes d\u2019emplois, vente \u00e0 grande \u00e9chelle,\u00e9largir le r\u00e9seau\nSoutenir la femme entrepreneur dans sa mont\u00e9 en comp\u00e9tences<!-- wp:image --><\/p>\n<figure class=\"wp-block-image\"><img alt=\"\"><\/figure>\n<p><!-- \/wp:image --><\/p>\n<p><img loading=\"lazy\" decoding=\"async\" class=\"alignnone wp-image-4259 size-full\" src=\"https:\/\/wikistartup.tn\/wp-content\/uploads\/2024\/07\/9F4A8347-1-scaled.jpg\" alt=\"\" width=\"2560\" height=\"1707\" srcset=\"https:\/\/wikistartup.tn\/wp-content\/uploads\/2024\/07\/9F4A8347-1-scaled.jpg 2560w, https:\/\/wikistartup.tn\/wp-content\/uploads\/2024\/07\/9F4A8347-1-300x200.jpg 300w, https:\/\/wikistartup.tn\/wp-content\/uploads\/2024\/07\/9F4A8347-1-1024x683.jpg 1024w, https:\/\/wikistartup.tn\/wp-content\/uploads\/2024\/07\/9F4A8347-1-768x512.jpg 768w, https:\/\/wikistartup.tn\/wp-content\/uploads\/2024\/07\/9F4A8347-1-1536x1024.jpg 1536w, https:\/\/wikistartup.tn\/wp-content\/uploads\/2024\/07\/9F4A8347-1-2048x1365.jpg 2048w, https:\/\/wikistartup.tn\/wp-content\/uploads\/2024\/07\/9F4A8347-1-18x12.jpg 18w, https:\/\/wikistartup.tn\/wp-content\/uploads\/2024\/07\/9F4A8347-1-272x182.jpg 272w\" sizes=\"auto, (max-width: 2560px) 100vw, 2560px\"><\/p>\n<h2>Business Trips<\/h2>\n<p>Toucher toutes les r\u00e9gions de l\u2019int\u00e9rieur et faciliter l\u2019acc\u00e8s au programme de formations<\/p>\n<p><style>\/*! elementor - v3.11.4 - 12-03-2023 *\/<br \/>.elementor-column .elementor-spacer-inner{height:var(--spacer-size)}.e-con{--container-widget-width:100%}.e-con-inner>.elementor-widget-spacer,.e-con>.elementor-widget-spacer{width:var(--container-widget-width,var(--spacer-size));--align-self:var(--container-widget-align-self,initial);--flex-shrink:0}.e-con-inner>.elementor-widget-spacer>.elementor-widget-container,.e-con-inner>.elementor-widget-spacer>.elementor-widget-container>.elementor-spacer,.e-con>.elementor-widget-spacer>.elementor-widget-container,.e-con>.elementor-widget-spacer>.elementor-widget-container>.elementor-spacer{height:100%}.e-con-inner>.elementor-widget-spacer>.elementor-widget-container>.elementor-spacer>.elementor-spacer-inner,.e-con>.elementor-widget-spacer>.elementor-widget-container>.elementor-spacer>.elementor-spacer-inner{height:var(--container-widget-height,var(--spacer-size))}<\/style><\/p>\n<h6>Financ\u00e9 dans le cadre du programme FAST de de l'agence fran\u00e7aise de d\u00e9veloppement (AFD)<br>et mis en \u0153uvre par la Caisse des D\u00e9p\u00f4ts et Consignations (CDC)<br>d\u00e9di\u00e9 aux startups en phase de croissance.<\/h6>\n<p><style>\/*! elementor - v3.11.4 - 12-03-2023 *\/<br \/>.elementor-widget-divider{--divider-border-style:none;--divider-border-width:1px;--divider-color:#2c2c2c;--divider-icon-size:20px;--divider-element-spacing:10px;--divider-pattern-height:24px;--divider-pattern-size:20px;--divider-pattern-url:none;--divider-pattern-repeat:repeat-x}.elementor-widget-divider .elementor-divider{display:flex}.elementor-widget-divider .elementor-divider__text{font-size:15px;line-height:1;max-width:95%}.elementor-widget-divider .elementor-divider__element{margin:0 var(--divider-element-spacing);flex-shrink:0}.elementor-widget-divider .elementor-icon{font-size:var(--divider-icon-size)}.elementor-widget-divider .elementor-divider-separator{display:flex;margin:0;direction:ltr}.elementor-widget-divider--view-line_icon .elementor-divider-separator,.elementor-widget-divider--view-line_text .elementor-divider-separator{align-items:center}.elementor-widget-divider--view-line_icon .elementor-divider-separator:after,.elementor-widget-divider--view-line_icon .elementor-divider-separator:before,.elementor-widget-divider--view-line_text .elementor-divider-separator:after,.elementor-widget-divider--view-line_text .elementor-divider-separator:before{display:block;content:\"\";border-bottom:0;flex-grow:1;border-top:var(--divider-border-width) var(--divider-border-style) var(--divider-color)}.elementor-widget-divider--element-align-left .elementor-divider .elementor-divider-separator>.elementor-divider__svg:first-of-type{flex-grow:0;flex-shrink:100}.elementor-widget-divider--element-align-left .elementor-divider-separator:before{content:none}.elementor-widget-divider--element-align-left .elementor-divider__element{margin-left:0}.elementor-widget-divider--element-align-right .elementor-divider .elementor-divider-separator>.elementor-divider__svg:last-of-type{flex-grow:0;flex-shrink:100}.elementor-widget-divider--element-align-right .elementor-divider-separator:after{content:none}.elementor-widget-divider--element-align-right .elementor-divider__element{margin-right:0}.elementor-widget-divider:not(.elementor-widget-divider--view-line_text):not(.elementor-widget-divider--view-line_icon) .elementor-divider-separator{border-top:var(--divider-border-width) var(--divider-border-style) var(--divider-color)}.elementor-widget-divider--separator-type-pattern{--divider-border-style:none}.elementor-widget-divider--separator-type-pattern.elementor-widget-divider--view-line .elementor-divider-separator,.elementor-widget-divider--separator-type-pattern:not(.elementor-widget-divider--view-line) .elementor-divider-separator:after,.elementor-widget-divider--separator-type-pattern:not(.elementor-widget-divider--view-line) .elementor-divider-separator:before,.elementor-widget-divider--separator-type-pattern:not([class*=elementor-widget-divider--view]) .elementor-divider-separator{width:100%;min-height:var(--divider-pattern-height);-webkit-mask-size:var(--divider-pattern-size) 100%;mask-size:var(--divider-pattern-size) 100%;-webkit-mask-repeat:var(--divider-pattern-repeat);mask-repeat:var(--divider-pattern-repeat);background-color:var(--divider-color);-webkit-mask-image:var(--divider-pattern-url);mask-image:var(--divider-pattern-url)}.elementor-widget-divider--no-spacing{--divider-pattern-size:auto}.elementor-widget-divider--bg-round{--divider-pattern-repeat:round}.rtl .elementor-widget-divider .elementor-divider__text{direction:rtl}.e-con-inner>.elementor-widget-divider,.e-con>.elementor-widget-divider{width:var(--container-widget-width,100%);--flex-grow:var(--container-widget-flex-grow)}<\/style><\/p>\n<h6>Wiki Start Up met \u00e0 disposition son savoir-faire et son expertise au service des entrepreneurs pour les aider \u00e0 structurer leurs activit\u00e9s<br>\u00e0 d\u00e9velopper leur mod\u00e8le \u00e9conomique et scaler!<\/h6>\n<p><style>\/*! elementor - v3.11.4 - 12-03-2023 *\/<br \/>.elementor-accordion{text-align:left}.elementor-accordion .elementor-accordion-item{border:1px solid #d4d4d4}.elementor-accordion .elementor-accordion-item+.elementor-accordion-item{border-top:none}.elementor-accordion .elementor-tab-title{margin:0;padding:15px 20px;font-weight:700;line-height:1;cursor:pointer;outline:none}.elementor-accordion .elementor-tab-title .elementor-accordion-icon{display:inline-block;width:1.5em}.elementor-accordion .elementor-tab-title .elementor-accordion-icon svg{width:1em;height:1em}.elementor-accordion .elementor-tab-title .elementor-accordion-icon.elementor-accordion-icon-right{float:right;text-align:right}.elementor-accordion .elementor-tab-title .elementor-accordion-icon.elementor-accordion-icon-left{float:left;text-align:left}.elementor-accordion .elementor-tab-title .elementor-accordion-icon .elementor-accordion-icon-closed{display:block}.elementor-accordion .elementor-tab-title .elementor-accordion-icon .elementor-accordion-icon-opened,.elementor-accordion .elementor-tab-title.elementor-active .elementor-accordion-icon-closed{display:none}.elementor-accordion .elementor-tab-title.elementor-active .elementor-accordion-icon-opened{display:block}.elementor-accordion .elementor-tab-content{display:none;padding:15px 20px;border-top:1px solid #d4d4d4}@media (max-width:767px){.elementor-accordion .elementor-tab-title{padding:12px 15px}.elementor-accordion .elementor-tab-title .elementor-accordion-icon{width:1.2em}.elementor-accordion .elementor-tab-content{padding:7px 15px}}.e-con-inner>.elementor-widget-accordion,.e-con>.elementor-widget-accordion{width:var(--container-widget-width);--flex-grow:var(--container-widget-flex-grow)}<\/style><\/p>\n<p><a>Avantages<\/a><\/p>\n<p>Growth\u2019Act cible les Startups disposant d\u2019un projet innovant \u00e0 forte valeur ajout\u00e9e qui arrivent \u00e0 maturit\u00e9 sur le march\u00e9 local et d\u00e9sirent se d\u00e9velopper sur le march\u00e9 international<\/p>\n<ul>\n<li>Acc\u00e8s \u00e0 un financement afin de d\u00e9velopper l\u2019activit\u00e9, am\u00e9liorer le mod\u00e8le \u00e9conomique et\naccro\u00eetre vos parts de march\u00e9<\/li>\n<li>B\u00e9n\u00e9ficier d\u2019une acc\u00e9l\u00e9ration \u00e0 la carte qui r\u00e9pond \u00e0 vos besoins sp\u00e9cifiques<\/li>\n<li>Se former sur diff\u00e9rentes th\u00e9matiques et b\u00e9n\u00e9ficier d\u2019un budget de 10 000 Dt pour un besoin en fonds de roulement, mat\u00e9riaux ou participations \u00e0 des salons de renom \u00e0 l\u2019international<\/li>\n<li>Participation \u00e0 des \u00e9v\u00e9nements pr\u00e9par\u00e9s sp\u00e9cialement pour vous dans le but d&#039;accro\u00eetre\nvotre visibilit\u00e9 sur le march\u00e9 (Demo day, Cheer\u2019s Up, expert challenge\u2026)<\/li>\n<li>Profiter du large r\u00e9seau de WIKISTARTUP et ses partenaires pour plus d\u2019opportunit\u00e9s et avoir\nun acc\u00e8s vers l\u2019international<\/li>\n<\/ul>\n<p><a>Process\u00a0adopt\u00e9<\/a><\/p>\n<p>Un cycle complet accompagn\u00e9 d\u2019autres \u00e9v\u00e9nements annexes et compl\u00e9mentaires aux \u00e9tapes de base (Team building inter-cohortes, les road show, Cheer\u2019s Up, passages radio promotionnels, partage d\u2019opportunit\u00e9s, pitch sessions\u2026)<\/p>\n<ul>\n<li>Bootcamp<\/li>\n<li>Pitch Day<\/li>\n<li>Acc\u00e9l\u00e9ration et accompagnement personnalis\u00e9<\/li>\n<li>Voyage \u00e0 l\u2019international (march\u00e9s cibles)<\/li>\n<li>Demo Day<\/li>\n<\/ul>\n<p><a>Crit\u00e8res d\u2019\u00e9l\u00e9gibilit\u00e9<\/a><\/p>\n<ul>\n<li>Deux co-fondateurs et au minimum une femme dans l\u2019\u00e9quipe<\/li>\n<li>Projet innovant ayant r\u00e9alis\u00e9 un CA en Tunisie<\/li>\n<li>Startup avec Business Model coh\u00e9rent et scalable<\/li>\n<li>Activit\u00e9 exportable \u00e0 l\u2019international<\/li>\n<\/ul>\n<p><!-- wp:image --><\/p>\n<figure class=\"wp-block-image\"><img alt=\"\"><\/figure>\n<p><!-- \/wp:image --><\/p>\n<p><!-- wp:image --><\/p>\n<figure class=\"wp-block-image\"><img alt=\"\"><\/figure>\n<p><!-- \/wp:image --><\/p>\n<p><!-- wp:image --><\/p>\n<figure class=\"wp-block-image\"><img alt=\"\"><\/figure>\n<p><!-- \/wp:image --><\/p>\n<p><!-- wp:image --><\/p>\n<figure class=\"wp-block-image\"><img alt=\"\"><\/figure>\n<p><!-- \/wp:image --><\/p>\n<p><!-- wp:image --><\/p>\n<figure class=\"wp-block-image\"><img alt=\"\"><\/figure>\n<p><!-- \/wp:image --><\/p>\t\t\t\t\t\t<\/div>\n\t\t\t\t<\/div>\n\t\t\t\t\t<\/div>\n\t\t<\/div>\n\t\t\t\t\t\t\t<\/div>\n\t\t<\/section>\n\t\t\t\t\t\t\t<\/div>","protected":false},"excerpt":{"rendered":"<p>Growth&rsquo;act is an acceleration and support program Investment An included investment ticket will be awarded to the winners in addition to other cash [&hellip;]<\/p>","protected":false},"author":1,"featured_media":0,"parent":0,"menu_order":0,"comment_status":"closed","ping_status":"closed","template":"","meta":{"footnotes":""},"class_list":["post-3866","page","type-page","status-publish","hentry"],"_links":{"self":[{"href":"https:\/\/wikistartup.tn\/fr\/wp-json\/wp\/v2\/pages\/3866","targetHints":{"allow":["GET"]}}],"collection":[{"href":"https:\/\/wikistartup.tn\/fr\/wp-json\/wp\/v2\/pages"}],"about":[{"href":"https:\/\/wikistartup.tn\/fr\/wp-json\/wp\/v2\/types\/page"}],"author":[{"embeddable":true,"href":"https:\/\/wikistartup.tn\/fr\/wp-json\/wp\/v2\/users\/1"}],"replies":[{"embeddable":true,"href":"https:\/\/wikistartup.tn\/fr\/wp-json\/wp\/v2\/comments?post=3866"}],"version-history":[{"count":92,"href":"https:\/\/wikistartup.tn\/fr\/wp-json\/wp\/v2\/pages\/3866\/revisions"}],"predecessor-version":[{"id":4274,"href":"https:\/\/wikistartup.tn\/fr\/wp-json\/wp\/v2\/pages\/3866\/revisions\/4274"}],"wp:attachment":[{"href":"https:\/\/wikistartup.tn\/fr\/wp-json\/wp\/v2\/media?parent=3866"}],"curies":[{"name":"wp","href":"https:\/\/api.w.org\/{rel}","templated":true}]}}