{"id":3461,"date":"2023-02-13T17:58:11","date_gmt":"2023-02-13T17:58:11","guid":{"rendered":"https:\/\/wikistartup.tn\/?page_id=3461"},"modified":"2023-03-08T11:02:22","modified_gmt":"2023-03-08T11:02:22","slug":"innovation-contest","status":"publish","type":"page","link":"https:\/\/wikistartup.tn\/fr\/innovation-contest\/","title":{"rendered":"<p>Concours d\u2019innovation<\/p>"},"content":{"rendered":"<section class=\"wpb-content-wrapper\"><div class=\"vc_row wpb_row vc_row-fluid\"><div class=\"wpb_column vc_column_container vc_col-sm-6\"><div class=\"vc_column-inner\"><div class=\"wpb_wrapper\"><div class=\"kd-photobox circle-effect kd-animated fadeIn\"><div class=\"photobox-img\"><img loading=\"lazy\" decoding=\"async\" width=\"559\" height=\"270\" src=\"https:\/\/wikistartup.tn\/wp-content\/uploads\/2023\/03\/saf270.png\" class=\"attachment-full\" alt=\"\" title=\"saf270\" srcset=\"https:\/\/wikistartup.tn\/wp-content\/uploads\/2023\/03\/saf270.png 559w, https:\/\/wikistartup.tn\/wp-content\/uploads\/2023\/03\/saf270-300x145.png 300w\" sizes=\"auto, (max-width: 559px) 100vw, 559px\"><\/div><div class=\"phb-content text-left\">\n                  <h4>SAFRAN Tunisia Innovation Shaker<\/h4>\n                  <p>Concours d\u2019innovation national dans le secteur de l\u2019a\u00e9ronautique et l\u2019infrastructure (BIM) d\u00e9di\u00e9 aux \u00e9tudiants ing\u00e9nieurs.<\/p><\/div><\/div>\t\t<!-- HTML DESIGN HERE -->\r\n\t\t<div class=\"maw__modal_popup_box\" data-bodybg=\"#1a94ad\" style=\"justify-content: left; display: flex;\">\r\n\t\t\t\t\t\t\t<button class=\"mega-uae-btn model-popup-btn popup-272 hvr-fade\" data-id=\"popup-272\" style=\"color: ;background: #ffffff ; border: 0px solid #269CE9; border-radius: 3px; font-size: 18px; padding: 5px 20px;\" data-text=\"\"> \r\n\t\t\t\t\t<span><i style=\"padding-right: 5px;\" class=\"fa fas fa-info\"> <\/i> En savoir plus<\/span>\t\t\t\r\n\t\t\t\t\t<span style=\"background: #fbbe23; padding: 5px 0; color: ;\" class=\"modal-popup-after\"><\/span>\r\n\t\t\t\t<\/button>\r\n\t\t\t\t<div style=\"clear: both;\"><\/div>\r\n\t\t\t\r\n\t\t\t\r\n\t\t\t<div class=\"mega-model-popup Default animated\" id=\"popup-272\" style=\"position:fixed;display: none; margin-top: 60px; width: 95%;max-width: 900px; background: #fafafa;\">\r\n\t\t\t\t<span class=\"b-close\"><span><img decoding=\"async\" src=\"https:\/\/wikistartup.tn\/wp-content\/plugins\/mega-addons-for-visual-composer\/render\/..\/images\/cross.png\"><\/span><\/span>\r\n\t\t\t    <div class=\"model-popup-container\">\r\n\t\t\t    \t<h2 style=\"border-bottom: 1px solid ; text-align: left; font-size: 20px; line-height: 2; color: ; background: ; margin: 0px; padding: 0px 20px;\">\r\n\t\t\t    \t\tSAFRAN Tunisia Innovation Shaker\t\t\t    \t<\/h2>\r\n\t\t\t      <span style=\"padding: 15px 15px; display: block;\">\r\n\t\t\t      \t<p class=\" translation-block\">Wiki startup is collaborating with Safran and GIZ to set up an annual national innovation competition<br>\r\nfor engineering students. The main mission of Wiki startup is the design and organization of<br>\r\nthe organization of the launch days of the contest according to the themes treated.<br>\r\nWiki startup participates in facilitating collaborations with the partner universities of Safran Tunisia<br>\r\nInnovation Chaker but also to source the appropriate experts for the various workshops<br>\r\nrealized<\/p>\n\t\t\t      <\/span>\r\n\t\t\t    <\/div>\r\n\t\t\t<\/div>\r\n\t\t<\/div>\r\n\t\t<style>\r\n\t\t\t.maw__modal_popup_box .popup-272:hover {\r\n\t\t\t\tbackground: #fbbe23 !important;\r\n\t\t\t\tcolor:  !important;\r\n\t\t\t}\r\n\r\n\t\t<\/style>\r\n        <!-- HTML END DESIGN HERE -->\r\n\t\t<\/div><\/div><\/div><div class=\"wpb_column vc_column_container vc_col-sm-6\"><div class=\"vc_column-inner\"><div class=\"wpb_wrapper\"><div class=\"kd-photobox circle-effect kd-animated fadeIn\" data-animation-delay=\"200\"><div class=\"photobox-img\"><img loading=\"lazy\" decoding=\"async\" width=\"559\" height=\"270\" src=\"https:\/\/wikistartup.tn\/wp-content\/uploads\/2023\/03\/movi270.png\" class=\"attachment-full\" alt=\"\" title=\"movi270\" srcset=\"https:\/\/wikistartup.tn\/wp-content\/uploads\/2023\/03\/movi270.png 559w, https:\/\/wikistartup.tn\/wp-content\/uploads\/2023\/03\/movi270-300x145.png 300w\" sizes=\"auto, (max-width: 559px) 100vw, 559px\"><\/div><div class=\"phb-content text-left\">\n                  <h4>Movility<\/h4>\n                  <p>Concours d\u2019innovation dans le domaine du transport intelligent (e-logistique et e-transport) en collaboration avec Esprit...<\/p><\/div><\/div>\t\t<!-- HTML DESIGN HERE -->\r\n\t\t<div class=\"maw__modal_popup_box\" data-bodybg=\"#1a94ad\" style=\"justify-content: left; display: flex;\">\r\n\t\t\t\t\t\t\t<button class=\"mega-uae-btn model-popup-btn popup-7 hvr-fade\" data-id=\"popup-7\" style=\"color: ;background: #ffffff ; border: 0px solid #269CE9; border-radius: 3px; font-size: 18px; padding: 5px 20px;\" data-text=\"\"> \r\n\t\t\t\t\t<span><i style=\"padding-right: 5px;\" class=\"fa fas fa-info\"> <\/i> En savoir plus<\/span>\t\t\t\r\n\t\t\t\t\t<span style=\"background: #fbbe23; padding: 5px 0; color: ;\" class=\"modal-popup-after\"><\/span>\r\n\t\t\t\t<\/button>\r\n\t\t\t\t<div style=\"clear: both;\"><\/div>\r\n\t\t\t\r\n\t\t\t\r\n\t\t\t<div class=\"mega-model-popup Default animated\" id=\"popup-7\" style=\"position:fixed;display: none; margin-top: 60px; width: 95%;max-width: 900px; background: #fafafa;\">\r\n\t\t\t\t<span class=\"b-close\"><span><img decoding=\"async\" src=\"https:\/\/wikistartup.tn\/wp-content\/plugins\/mega-addons-for-visual-composer\/render\/..\/images\/cross.png\"><\/span><\/span>\r\n\t\t\t    <div class=\"model-popup-container\">\r\n\t\t\t    \t<h2 style=\"border-bottom: 1px solid ; text-align: left; font-size: 20px; line-height: 2; color: ; background: ; margin: 0px; padding: 0px 20px;\">\r\n\t\t\t    \t\tMovility\t\t\t    \t<\/h2>\r\n\t\t\t      <span style=\"padding: 15px 15px; display: block;\">\r\n\t\t\t      \t<p>Concours d\u2019innovation dans le domaine du transport intelligent (e-logistique et e-transport) en collaboration avec Esprit<\/p>\n<p>Une initiative visant \u00e0 inculquer un esprit entrepreneurial aux \u00e9tudiants et de les pousser \u00e0 l\u2019innovation et la cr\u00e9ativit\u00e9. Les laur\u00e9ats se vont attribuer des cash-prize.<\/p>\n<p><strong>Process\u00a0adopt\u00e9<\/strong><\/p>\n<ol>\n<li>Appel \u00e0 candidature<\/li>\n<li>S\u00e9lection des mentors + projets<\/li>\n<li>Kick off s\u00e9minaire + conf\u00e9rence<\/li>\n<li>Workshop<\/li>\n<li>S\u00e9lection des \u00bd finalistes<\/li>\n<li>Mentoring<\/li>\n<li>Ceremony Award<\/li>\n<\/ol>\n\t\t\t      <\/span>\r\n\t\t\t    <\/div>\r\n\t\t\t<\/div>\r\n\t\t<\/div>\r\n\t\t<style>\r\n\t\t\t.maw__modal_popup_box .popup-7:hover {\r\n\t\t\t\tbackground: #fbbe23 !important;\r\n\t\t\t\tcolor:  !important;\r\n\t\t\t}\r\n\r\n\t\t<\/style>\r\n        <!-- HTML END DESIGN HERE -->\r\n\t\t<\/div><\/div><\/div><\/div>\n<\/section>","protected":false},"excerpt":{"rendered":"<p>SAFRAN Tunisia Innovation Shaker National innovation competition in the aeronautics and infrastructure sector (BIM) dedicated to engineering students... Read more SAFRAN Tunisia Innovation [...]<\/p>","protected":false},"author":1,"featured_media":3833,"parent":0,"menu_order":0,"comment_status":"closed","ping_status":"closed","template":"","meta":{"footnotes":""},"class_list":["post-3461","page","type-page","status-publish","has-post-thumbnail","hentry"],"_links":{"self":[{"href":"https:\/\/wikistartup.tn\/fr\/wp-json\/wp\/v2\/pages\/3461","targetHints":{"allow":["GET"]}}],"collection":[{"href":"https:\/\/wikistartup.tn\/fr\/wp-json\/wp\/v2\/pages"}],"about":[{"href":"https:\/\/wikistartup.tn\/fr\/wp-json\/wp\/v2\/types\/page"}],"author":[{"embeddable":true,"href":"https:\/\/wikistartup.tn\/fr\/wp-json\/wp\/v2\/users\/1"}],"replies":[{"embeddable":true,"href":"https:\/\/wikistartup.tn\/fr\/wp-json\/wp\/v2\/comments?post=3461"}],"version-history":[{"count":16,"href":"https:\/\/wikistartup.tn\/fr\/wp-json\/wp\/v2\/pages\/3461\/revisions"}],"predecessor-version":[{"id":3903,"href":"https:\/\/wikistartup.tn\/fr\/wp-json\/wp\/v2\/pages\/3461\/revisions\/3903"}],"wp:featuredmedia":[{"embeddable":true,"href":"https:\/\/wikistartup.tn\/fr\/wp-json\/wp\/v2\/media\/3833"}],"wp:attachment":[{"href":"https:\/\/wikistartup.tn\/fr\/wp-json\/wp\/v2\/media?parent=3461"}],"curies":[{"name":"wp","href":"https:\/\/api.w.org\/{rel}","templated":true}]}}