{"id":3425,"date":"2023-02-13T16:53:06","date_gmt":"2023-02-13T16:53:06","guid":{"rendered":"https:\/\/wikistartup.tn\/?page_id=3425"},"modified":"2023-03-13T11:25:00","modified_gmt":"2023-03-13T11:25:00","slug":"white-label-support","status":"publish","type":"page","link":"https:\/\/wikistartup.tn\/fr\/white-label-support\/","title":{"rendered":"<p>Accompagnement marque blanche<\/p>"},"content":{"rendered":"<section class=\"wpb-content-wrapper\"><div class=\"vc_row wpb_row vc_row-fluid\"><div class=\"wpb_column vc_column_container vc_col-sm-4\"><div class=\"vc_column-inner\"><div class=\"wpb_wrapper\"><div class=\"kd-photobox circle-effect kd-animated fadeIn\" data-animation-delay=\"200\"><div class=\"photobox-img\"><img loading=\"lazy\" decoding=\"async\" width=\"501\" height=\"501\" src=\"https:\/\/wikistartup.tn\/wp-content\/uploads\/2023\/03\/ept500.png\" class=\"attachment-full\" alt=\"\" title=\"ept500\" srcset=\"https:\/\/wikistartup.tn\/wp-content\/uploads\/2023\/03\/ept500.png 501w, https:\/\/wikistartup.tn\/wp-content\/uploads\/2023\/03\/ept500-300x300.png 300w, https:\/\/wikistartup.tn\/wp-content\/uploads\/2023\/03\/ept500-150x150.png 150w\" sizes=\"auto, (max-width: 501px) 100vw, 501px\"><\/div><div class=\"phb-content text-left\">\n                  <h4>EPT Startup Incubator<\/h4>\n                  <p>Appui \u00e0 la mise en place de l'incubateur de startups de l'Ecole Polytechnique de Tunis et \u00e0 la structuration du programme d'incubation pour la 1\u00e8re cohorte...<\/p><\/div><\/div>\t\t<!-- HTML DESIGN HERE -->\r\n\t\t<div class=\"maw__modal_popup_box\" data-bodybg=\"#fafafa\" style=\"justify-content: left; display: flex;\">\r\n\t\t\t\t\t\t\t<button class=\"mega-uae-btn model-popup-btn popup-330 hvr-fade\" data-id=\"popup-330\" style=\"color: ;background: #ffffff ; border: 0px solid #269CE9; border-radius: 3px; font-size: 18px; padding: 5px 20px;\" data-text=\"\"> \r\n\t\t\t\t\t<span><i style=\"padding-right: 5px;\" class=\"fa fas fa-info\"> <\/i> En savoir plus<\/span>\t\t\t\r\n\t\t\t\t\t<span style=\"background: #fbbe23; padding: 5px 0; color: ;\" class=\"modal-popup-after\"><\/span>\r\n\t\t\t\t<\/button>\r\n\t\t\t\t<div style=\"clear: both;\"><\/div>\r\n\t\t\t\r\n\t\t\t\r\n\t\t\t<div class=\"mega-model-popup Default animated\" id=\"popup-330\" style=\"position:fixed;display: none; margin-top: 60px; width: 95%;max-width: 900px; background: #fafafa;\">\r\n\t\t\t\t<span class=\"b-close\"><span><img decoding=\"async\" src=\"https:\/\/wikistartup.tn\/wp-content\/plugins\/mega-addons-for-visual-composer\/render\/..\/images\/cross.png\"><\/span><\/span>\r\n\t\t\t    <div class=\"model-popup-container\">\r\n\t\t\t    \t<h2 style=\"border-bottom: 1px solid ; text-align: left; font-size: 20px; line-height: 2; color: ; background: ; margin: 0px; padding: 0px 20px;\">\r\n\t\t\t    \t\tEPT Startup Incubator\t\t\t    \t<\/h2>\r\n\t\t\t      <span style=\"padding: 15px 15px; display: block;\">\r\n\t\t\t      \t<p class=\" translation-block\">Wiki Startup a accompagn\u00e9 de pr\u00e8s l\u2019Ecole Polytechnique de Tunis dans la mise en place de l\u2019EPT\nStartup Incubator. Wiki Startup met son savoir-faire \u00e0 disposition de l\u2019EPT pour la structuration du programme d\u2019incubation pour la 1 \u00e8re cohorte, faciliter la r\u00e9ussite des projets incub\u00e9s et de leur donner acc\u00e8s \u00e0 son r\u00e9seau.\nC\u2019est un Hub au service pour les \u00e9tudiants de l\u2019EPT dont la mission est de\u00a0:\nLes initier \u00e0 l\u2019entrepreneuriat. Les accompagner \u00e0 d\u00e9velopper des id\u00e9es de projets innovantes. Les connecter aux acteurs de l\u2019\u00e9cosyst\u00e8me entrepreneurial.<\/p>\n\t\t\t      <\/span>\r\n\t\t\t    <\/div>\r\n\t\t\t<\/div>\r\n\t\t<\/div>\r\n\t\t<style>\r\n\t\t\t.maw__modal_popup_box .popup-330:hover {\r\n\t\t\t\tbackground: #fbbe23 !important;\r\n\t\t\t\tcolor:  !important;\r\n\t\t\t}\r\n\r\n\t\t<\/style>\r\n        <!-- HTML END DESIGN HERE -->\r\n\t\t<\/div><\/div><\/div><div class=\"wpb_column vc_column_container vc_col-sm-4\"><div class=\"vc_column-inner\"><div class=\"wpb_wrapper\"><div class=\"kd-photobox circle-effect kd-animated fadeIn\"><div class=\"photobox-img\"><img loading=\"lazy\" decoding=\"async\" width=\"800\" height=\"800\" src=\"https:\/\/wikistartup.tn\/wp-content\/uploads\/2023\/01\/CL.png\" class=\"attachment-full\" alt=\"\" title=\"CL\" srcset=\"https:\/\/wikistartup.tn\/wp-content\/uploads\/2023\/01\/CL.png 800w, https:\/\/wikistartup.tn\/wp-content\/uploads\/2023\/01\/CL-300x300.png 300w, https:\/\/wikistartup.tn\/wp-content\/uploads\/2023\/01\/CL-150x150.png 150w, https:\/\/wikistartup.tn\/wp-content\/uploads\/2023\/01\/CL-768x768.png 768w\" sizes=\"auto, (max-width: 800px) 100vw, 800px\"><\/div><div class=\"phb-content text-left\">\n                  <h4>Collective Lab<\/h4>\n                  <p>Programme d\u2019accompagnement d\u00e9di\u00e9 aux futurs entrepreneurs porteurs d\u2019id\u00e9es de projets\ninnovantes.<br>Nous soutenons l'universit\u00e9 centrale dans la mise en \u0153uvre de l'incubateur...<\/p><\/div><\/div>\t\t<!-- HTML DESIGN HERE -->\r\n\t\t<div class=\"maw__modal_popup_box\" data-bodybg=\"#fafafa\" style=\"justify-content: left; display: flex;\">\r\n\t\t\t\t\t\t\t<button class=\"mega-uae-btn model-popup-btn popup-204 hvr-fade\" data-id=\"popup-204\" style=\"color: ;background: #ffffff ; border: 0px solid #269CE9; border-radius: 3px; font-size: 18px; padding: 5px 20px;\" data-text=\"\"> \r\n\t\t\t\t\t<span><i style=\"padding-right: 5px;\" class=\"fa fas fa-info\"> <\/i> En savoir plus<\/span>\t\t\t\r\n\t\t\t\t\t<span style=\"background: #fbbe23; padding: 5px 0; color: ;\" class=\"modal-popup-after\"><\/span>\r\n\t\t\t\t<\/button>\r\n\t\t\t\t<div style=\"clear: both;\"><\/div>\r\n\t\t\t\r\n\t\t\t\r\n\t\t\t<div class=\"mega-model-popup Default animated\" id=\"popup-204\" style=\"position:fixed;display: none; margin-top: 60px; width: 95%;max-width: 900px; background: #fafafa;\">\r\n\t\t\t\t<span class=\"b-close\"><span><img decoding=\"async\" src=\"https:\/\/wikistartup.tn\/wp-content\/plugins\/mega-addons-for-visual-composer\/render\/..\/images\/cross.png\"><\/span><\/span>\r\n\t\t\t    <div class=\"model-popup-container\">\r\n\t\t\t    \t<h2 style=\"border-bottom: 1px solid ; text-align: left; font-size: 20px; line-height: 2; color: ; background: ; margin: 0px; padding: 0px 20px;\">\r\n\t\t\t    \t\tCollective Lab\t\t\t    \t<\/h2>\r\n\t\t\t      <span style=\"padding: 15px 15px; display: block;\">\r\n\t\t\t      \t<p class=\" translation-block\">Wiki Startup appui l\u2019universit\u00e9 centrale dans la mise en place de l\u2019incubateur COLLECTIVE LAB qui propose un programme d\u2019accompagnement d\u00e9di\u00e9 aux futurs entrepreneurs porteurs d\u2019id\u00e9es de projets innovantes. Une alternative prometteuse aux \u00e9tudiants.\nWiki Start Up pr\u00e9sente tout au long du processus, g\u00e8re la premi\u00e8re \u00e9dition du programme en mettant en place un processus d\u2019accompagnement complet, des formations diverses et des interventins de qualit\u00e9<\/p>\n<p><strong>Process adapt\u00e9\u00a0:<\/strong><\/p>\n<ol>\n<li>Appel \u00e0 candidature<\/li>\n<li>Tri et pr\u00e9s\u00e9lection<\/li>\n<li>Bootcamp et session de Pitch<\/li>\n<li>Accompagnement<\/li>\n<li>Mentoring<\/li>\n<li style=\"list-style-type: none\">\n<ol>\n<li style=\"list-style-type: none\">\n<ol>\n<li style=\"list-style-type: none\">\n<ol>\n<li style=\"list-style-type: none\">\n<ol>\n<li style=\"list-style-type: none\">\n<ol><\/ol>\n<\/li>\n<\/ol>\n<\/li>\n<\/ol>\n<\/li>\n<\/ol>\n<\/li>\n<\/ol>\n<\/li>\n<\/ol>\n<p><!-- \/wp:post-content --><\/p>\n<p><!-- wp:paragraph --><strong>Crit\u00e8res d\u2019\u00e9l\u00e9gibilit\u00e9\u00a0:<\/strong><\/p>\n<ol>\n<li>Profil Etudiant, Alumnis (anciens Dipl\u00f4m\u00e9s), ou entrepreneurs...<\/li>\n<li>Le projet peut \u00eatre en phase d&#039;id\u00e9e ou en phase avanc\u00e9e avec un Business Plan<\/li>\n<li>Tout type de secteur avec des retomb\u00e9es \u00e9conomiques, sociales, technologiques ou autres<\/li>\n<li>Une id\u00e9e de projet innovante (produit \/ service \/ process)<\/li>\n<li>Minimum 2 co-fondateurs pour chaque projet<\/li>\n<li style=\"list-style-type: none\">\n<ol>\n<li style=\"list-style-type: none\">\n<ol>\n<li style=\"list-style-type: none\">\n<ol>\n<li style=\"list-style-type: none\">\n<ol>\n<li style=\"list-style-type: none\">\n<ol><!-- \/wp:paragraph --><\/ol>\n<\/li>\n<\/ol>\n<p><!-- wp:list-item \/--><\/p>\n<\/li>\n<\/ol>\n<p><!-- wp:list-item \/--><\/p>\n<\/li>\n<\/ol>\n<p><!-- wp:list-item \/--><\/p>\n<\/li>\n<\/ol>\n<p><!-- wp:list-item --><\/p>\n<\/li>\n<\/ol>\n<p><!-- \/wp:list-item --><!-- \/wp:list --><\/p>\n\t\t\t      <\/span>\r\n\t\t\t    <\/div>\r\n\t\t\t<\/div>\r\n\t\t<\/div>\r\n\t\t<style>\r\n\t\t\t.maw__modal_popup_box .popup-204:hover {\r\n\t\t\t\tbackground: #fbbe23 !important;\r\n\t\t\t\tcolor:  !important;\r\n\t\t\t}\r\n\r\n\t\t<\/style>\r\n        <!-- HTML END DESIGN HERE -->\r\n\t\t<\/div><\/div><\/div><div class=\"wpb_column vc_column_container vc_col-sm-4\"><div class=\"vc_column-inner\"><div class=\"wpb_wrapper\"><div class=\"kd-photobox circle-effect kd-animated fadeIn\" data-animation-delay=\"400\"><div class=\"photobox-img\"><img loading=\"lazy\" decoding=\"async\" width=\"500\" height=\"500\" src=\"https:\/\/wikistartup.tn\/wp-content\/uploads\/2023\/01\/step500-e1676310801760.jpg\" class=\"attachment-full\" alt=\"\" title=\"step500\" srcset=\"https:\/\/wikistartup.tn\/wp-content\/uploads\/2023\/01\/step500-e1676310801760.jpg 500w, https:\/\/wikistartup.tn\/wp-content\/uploads\/2023\/01\/step500-e1676310801760-300x300.jpg 300w, https:\/\/wikistartup.tn\/wp-content\/uploads\/2023\/01\/step500-e1676310801760-150x150.jpg 150w\" sizes=\"auto, (max-width: 500px) 100vw, 500px\"><\/div><div class=\"phb-content text-left\">\n                  <h4>Step by EFE<\/h4>\n                  <p>Programme d\u2019incubation et d\u2019accompagnement personnalis\u00e9 pour les b\u00e9n\u00e9ficiaires du programme STEP mis en place par EFE Tunisie.\nUn programme d'incubation personnalis\u00e9 adapt\u00e9 aux besoins sp\u00e9cifiques...<\/p><\/div><\/div>\t\t<!-- HTML DESIGN HERE -->\r\n\t\t<div class=\"maw__modal_popup_box\" data-bodybg=\"#fafafa\" style=\"justify-content: left; display: flex;\">\r\n\t\t\t\t\t\t\t<button class=\"mega-uae-btn model-popup-btn popup-155 hvr-fade\" data-id=\"popup-155\" style=\"color: ;background: #ffffff ; border: 0px solid #269CE9; border-radius: 3px; font-size: 18px; padding: 5px 20px;\" data-text=\"\"> \r\n\t\t\t\t\t<span><i style=\"padding-right: 5px;\" class=\"fa fas fa-info\"> <\/i> En savoir plus<\/span>\t\t\t\r\n\t\t\t\t\t<span style=\"background: #fbbe23; padding: 5px 0; color: ;\" class=\"modal-popup-after\"><\/span>\r\n\t\t\t\t<\/button>\r\n\t\t\t\t<div style=\"clear: both;\"><\/div>\r\n\t\t\t\r\n\t\t\t\r\n\t\t\t<div class=\"mega-model-popup Default animated\" id=\"popup-155\" style=\"position:fixed;display: none; margin-top: 60px; width: 95%;max-width: 900px; background: #fafafa;\">\r\n\t\t\t\t<span class=\"b-close\"><span><img decoding=\"async\" src=\"https:\/\/wikistartup.tn\/wp-content\/plugins\/mega-addons-for-visual-composer\/render\/..\/images\/cross.png\"><\/span><\/span>\r\n\t\t\t    <div class=\"model-popup-container\">\r\n\t\t\t    \t<h2 style=\"border-bottom: 1px solid ; text-align: left; font-size: 20px; line-height: 2; color: ; background: ; margin: 0px; padding: 0px 20px;\">\r\n\t\t\t    \t\tStep by EFE\t\t\t    \t<\/h2>\r\n\t\t\t      <span style=\"padding: 15px 15px; display: block;\">\r\n\t\t\t      \t<p>Programme d\u2019incubation et d\u2019accompagnement personnalis\u00e9 pour les b\u00e9n\u00e9ficiaires du programme STEP mis en place par EFE Tunisie.<br>Wiki startup est charg\u00e9e d\u2019offrir aux laur\u00e9ats de toutes les \u00e9ditions, un programme d\u2019incubation\npersonnalis\u00e9 adapt\u00e9 aux besoins sp\u00e9cifiques de chaque projet et ceci \u00e0 travers un mentoring\nrapproch\u00e9, des formations de qualit\u00e9, des \u00e9v\u00e8nements d\u00e9di\u00e9s et des mises en relation b\u00e9n\u00e9fiques\u2026<br><strong>Process\u00a0adopt\u00e9<\/strong><br>1) Accompagnement personnalis\u00e9<br>2) Programme de formations sp\u00e9cifiques et personnalis\u00e9<br>3) Espace de travail<br>4) Networking et \u00e9v\u00e8nements d\u00e9di\u00e9s<\/p>\n\t\t\t      <\/span>\r\n\t\t\t    <\/div>\r\n\t\t\t<\/div>\r\n\t\t<\/div>\r\n\t\t<style>\r\n\t\t\t.maw__modal_popup_box .popup-155:hover {\r\n\t\t\t\tbackground: #fbbe23 !important;\r\n\t\t\t\tcolor:  !important;\r\n\t\t\t}\r\n\r\n\t\t<\/style>\r\n        <!-- HTML END DESIGN HERE -->\r\n\t\t<\/div><\/div><\/div><\/div><\/section>","protected":false},"excerpt":{"rendered":"<p>EPT Startup Incubator Support in the establishment of Ecole Polytechnique de Tunis Startup Incubator and the structuring of the incubation program for the [...]<\/p>","protected":false},"author":1,"featured_media":3833,"parent":0,"menu_order":0,"comment_status":"closed","ping_status":"closed","template":"","meta":{"footnotes":""},"class_list":["post-3425","page","type-page","status-publish","has-post-thumbnail","hentry"],"_links":{"self":[{"href":"https:\/\/wikistartup.tn\/fr\/wp-json\/wp\/v2\/pages\/3425","targetHints":{"allow":["GET"]}}],"collection":[{"href":"https:\/\/wikistartup.tn\/fr\/wp-json\/wp\/v2\/pages"}],"about":[{"href":"https:\/\/wikistartup.tn\/fr\/wp-json\/wp\/v2\/types\/page"}],"author":[{"embeddable":true,"href":"https:\/\/wikistartup.tn\/fr\/wp-json\/wp\/v2\/users\/1"}],"replies":[{"embeddable":true,"href":"https:\/\/wikistartup.tn\/fr\/wp-json\/wp\/v2\/comments?post=3425"}],"version-history":[{"count":47,"href":"https:\/\/wikistartup.tn\/fr\/wp-json\/wp\/v2\/pages\/3425\/revisions"}],"predecessor-version":[{"id":3990,"href":"https:\/\/wikistartup.tn\/fr\/wp-json\/wp\/v2\/pages\/3425\/revisions\/3990"}],"wp:featuredmedia":[{"embeddable":true,"href":"https:\/\/wikistartup.tn\/fr\/wp-json\/wp\/v2\/media\/3833"}],"wp:attachment":[{"href":"https:\/\/wikistartup.tn\/fr\/wp-json\/wp\/v2\/media?parent=3425"}],"curies":[{"name":"wp","href":"https:\/\/api.w.org\/{rel}","templated":true}]}}