{"id":3374,"date":"2023-02-13T12:28:07","date_gmt":"2023-02-13T12:28:07","guid":{"rendered":"https:\/\/wikistartup.tn\/?page_id=3374"},"modified":"2023-03-07T11:57:44","modified_gmt":"2023-03-07T11:57:44","slug":"specificity","status":"publish","type":"page","link":"https:\/\/wikistartup.tn\/fr\/specificity\/","title":{"rendered":"<p>Specificity<\/p>"},"content":{"rendered":"<section class=\"wpb-content-wrapper\"><div class=\"vc_row wpb_row vc_row-fluid\"><div class=\"wpb_column vc_column_container vc_col-sm-2\"><div class=\"vc_column-inner\"><div class=\"wpb_wrapper\"><\/div><\/div><\/div><div class=\"wpb_column vc_column_container vc_col-sm-8\"><div class=\"vc_column-inner\"><div class=\"wpb_wrapper\">\t\t<!-- HTML DESIGN HERE -->\r\n\t\t<div class=\"grid vc-interactive-banner\" id=\"vc-interactive-banner-322\">\r\n\t\t\t<figure class=\"effect-lexi\" style=\"background: ; width: 100%; max-width: px; width: 100%;\">\r\n\t\t\t\t<img decoding=\"async\" src=\"https:\/\/wikistartup.tn\/wp-content\/uploads\/2023\/03\/banner-sste.jpg\" alt=\"\" style=\"height: px; max-width: px; width: 100%;\">\r\n\t\t\t\t<figcaption>\r\n\t\t\t\t\t<div>\r\n\t\t\t\t\t\t<h2 style=\"font-size: 18px; color: #fbbe23; font-weight: 500;\">\r\n\t\t\t\t\t\t\t\t\t\t\t\t\t<\/h2>\r\n\t\t\t\t\t\t<p style=\"font-size: 15px; color: #fbbe23;\">\r\n\t\t\t\t\t\t\tSpecificity\r\n\t\t\t\t\t\t\t\t\t\t\t\t\t\t\t\t\t\t\t\t\t\t\t\t\t\t\t\t\r\n\t\t\t\t\t\t<\/p>\r\n\t\t\t\t\t<\/div>\r\n\t\t\t\t\t\t\t\t\t<\/figcaption>\t\t\t\r\n\t\t\t<\/figure>\r\n\t\t<\/div>\r\n\t\t<style>\r\n\t\t\t@media only screen and (max-width: 480px) {\r\n\t\t\t\t#vc-interactive-banner-322 h2 {\r\n\t\t\t\t\tfont-size: px !important;\r\n\t\t\t\t}\r\n\t\t\t\t#vc-interactive-banner-322 p {\r\n\t\t\t\t\tfont-size: px !important;\r\n\t\t\t\t}\r\n\t\t\t\t#vc-interactive-banner-322 img {\r\n\t\t\t\t\theight: px !important;\r\n\t\t\t\t}\r\n\t\t\t}\r\n\t\t<\/style>\r\n        <!-- HTML END DESIGN HERE -->\r\n\t\t<\/div><\/div><\/div><div class=\"wpb_column vc_column_container vc_col-sm-2\"><div class=\"vc_column-inner\"><div class=\"wpb_wrapper\"><\/div><\/div><\/div><\/div><div class=\"vc_row wpb_row vc_row-fluid vc_custom_1678118992487 vc_row-has-fill\"><div class=\"wpb_column vc_column_container vc_col-sm-2\"><div class=\"vc_column-inner\"><div class=\"wpb_wrapper\"><\/div><\/div><\/div><div class=\"wpb_column vc_column_container vc_col-sm-8 vc_col-has-fill\"><div class=\"vc_column-inner vc_custom_1678119001479\"><div class=\"wpb_wrapper\">\t\t<div class=\"mega-line-container ma_heading_wrap339 headtitle1\">\r\n\t\t\t\r\n\t\t\t\t\t\t    <div class=\"mega-line-center\" style=\"text-align: center;\">  \r\n\t\t        \t<h2 style=\"font-size: 26px; color: #fbbe23; text-transform: default; ;\">\r\n\t\t\t        \tSpecificity Sustainable Tourism Edition &laquo; SSTE &raquo;\t\t\t        <\/h2>\r\n\t\t\t        <div style=\"line-height: 1;\">\r\n\t\t        \t\t<span style=\"width: 230px; border-top: 2px solid #ffffff;\"><\/span>\r\n\t\t        \t<\/div>\r\n\t\t        \t<div class=\"heading_desc\">\r\n\t\t\t        \t<p><span style=\"color: #ffffff\">Est un programme d\u2019acc\u00e9l\u00e9ration soutient et\naccompagne des Startups Tunisiennes innovantes, \u00e0 fort potentiel de croissance avec au moins une ann\u00e9e d'existence, qui sont dans le secteur du tourisme durable et issu de toutes les r\u00e9gions de la Tunisie. Les startups s\u00e9lectionn\u00e9es doivent forc\u00e9ment offrir des solutions de gestion technologiques ou digitales.<\/span><\/p>\n\t\t\t        <\/div>\r\n\t\t      \t<\/div>\r\n\t\t    \r\n\t\t    \r\n\t\t    \r\n\t\t    \r\n\t\t          \t<\/div>\r\n\r\n      \t<style>\r\n\t\t\t.ma_heading_wrap339 .heading_desc *{\r\n\t\t\t\tfont-size: 14px;\r\n\t\t\t\t;\r\n\t\t\t}\r\n      \t<\/style>\r\n\t\t<\/div><\/div><\/div><div class=\"wpb_column vc_column_container vc_col-sm-2\"><div class=\"vc_column-inner\"><div class=\"wpb_wrapper\"><\/div><\/div><\/div><\/div><div class=\"vc_row wpb_row vc_row-fluid\"><div class=\"wpb_column vc_column_container vc_col-sm-2\"><div class=\"vc_column-inner\"><div class=\"wpb_wrapper\"><\/div><\/div><\/div><div class=\"wpb_column vc_column_container vc_col-sm-8 vc_col-has-fill\"><div class=\"vc_column-inner vc_custom_1678189833803\"><div class=\"wpb_wrapper\">\t\t<div class=\"mega-line-container ma_heading_wrap379 headtitle1\">\r\n\t\t\t\r\n\t\t\t\r\n\t\t    \t\t\t    <div class=\"mega-line-bottom\" style=\"text-align: center;\">  \r\n\t\t\t        <h2 style=\"font-size: 24px; color: #041b7b; text-transform: default; ;\">\r\n\t\t\t        \tProgramme d\u2019acc\u00e9l\u00e9ration, initi\u00e9 par Carthage Business Angels en partenariat avec Wiki Startup\t\t\t        <\/h2>\r\n\t\t\t        <div class=\"heading_desc\" style=\"line-height: 1;\">\r\n\t\t\t        \t<p>Soutient des startups tunisiennes innovantes dans le domaine du tourisme durable poss\u00e9dant des solutions technologiques ou digitales.\nSSTE s\u2019int\u00e8gre dans le projet promotion du tourisme durable qui est une action conjointe de l'union europ\u00e9enne et du minist\u00e8re f\u00e9d\u00e9ral allemand de la coop\u00e9ration \u00e9conomique et du d\u00e9veloppement,\nmise en \u0153uvre par la GIZ en partenariat avec le minist\u00e8re du tourisme.<\/p>\n\t\t\t        <\/div>\r\n\t\t\t        <span style=\"width: 230px; border-top: 2px solid #041b7b;\"><\/span>\r\n\t\t\t    <\/div>\r\n\t\t    \r\n\t\t    \r\n\t\t    \r\n\t\t          \t<\/div>\r\n\r\n      \t<style>\r\n\t\t\t.ma_heading_wrap379 .heading_desc *{\r\n\t\t\t\tfont-size: 14px;\r\n\t\t\t\t;\r\n\t\t\t}\r\n      \t<\/style>\r\n\t\t<\/div><\/div><\/div><div class=\"wpb_column vc_column_container vc_col-sm-2\"><div class=\"vc_column-inner\"><div class=\"wpb_wrapper\"><\/div><\/div><\/div><\/div><div class=\"vc_row wpb_row vc_row-fluid\"><div class=\"wpb_column vc_column_container vc_col-sm-2\"><div class=\"vc_column-inner\"><div class=\"wpb_wrapper\"><\/div><\/div><\/div><div class=\"wpb_column vc_column_container vc_col-sm-8\"><div class=\"vc_column-inner\"><div class=\"wpb_wrapper\">\t\t<div class=\"mega-accordion maw_accordion_435\" data-active=\"false\" data-anim=\"350\" data-event=\"click\" data-closeicons=\"fa fa-plus\" data-activeicons=\"fa fa-minus\">\r\n\t\t\t\t\t<h3 class=\"ac-style\" id=\"\" style=\"text-align: left;margin-top: 0px;border-width: 0px 0px 0px 0px;border-style: solid;border-color:;border-radius: px;color: #041b7b;background:;font-size: 16px;padding-top: px;padding-bottom: px\">\r\n\t\t\tProcess\u00a0adopt\u00e9\t\t<\/h3>\r\n\t\t<div class=\"mega-panel\" style=\"margin-bottom: 0px;background:;border-width: 0px 0px 0px 0px;border-style: solid;border-color:\">\r\n\t\t  \n<ol>\n<li>Appel \u00e0 candidature<\/li>\n<li>Bootcamp<\/li>\n<li>Pitch day<\/li>\n<li>Acc\u00e9l\u00e9ration<\/li>\n<li>Demo day<\/li>\n<\/ol>\n<p>\t\t<\/p><\/div>\r\n\r\n\t\t\t\t<\/div>\r\n\r\n\t\t<style>\r\n\t\t\t.maw_accordion_435 .ac-style .ui-accordion-header-icon {\r\n\t\t\t\tfont-size: 15px;\r\n\t\t\t}\r\n\t\t\t\r\n\t\t\t@media only screen and (max-width: 767px) {\r\n\t\t\t\t.maw_accordion_435 .ac-style {\r\n\t\t\t\t\tfont-size: px !important;\r\n\t\t\t\t}\r\n\t\t\t\t.maw_accordion_435 .ac-style .ui-accordion-header-icon {\r\n\t\t\t\t\tfont-size: px !important;\r\n\t\t\t\t}\r\n\t\t\t\t.maw_accordion_435 .mega-panel, \r\n\t\t\t\t.maw_accordion_435 .mega-panel * {\r\n\t\t\t\t\tfont-size: px !important;\r\n\t\t\t\t}\r\n\t\t\t}\r\n\t\t<\/style>\r\n\r\n\t\t<\/div><\/div><\/div><div class=\"wpb_column vc_column_container vc_col-sm-2\"><div class=\"vc_column-inner\"><div class=\"wpb_wrapper\"><\/div><\/div><\/div><\/div>\n<\/section>","protected":false},"excerpt":{"rendered":"<p>Specificity Specificity Sustainable Tourism Edition &laquo; SSTE &raquo; Is an acceleration program that supports and accompanies innovative Tunisian startups with high growth potential [...]<\/p>","protected":false},"author":1,"featured_media":0,"parent":0,"menu_order":0,"comment_status":"closed","ping_status":"closed","template":"","meta":{"footnotes":""},"class_list":["post-3374","page","type-page","status-publish","hentry"],"_links":{"self":[{"href":"https:\/\/wikistartup.tn\/fr\/wp-json\/wp\/v2\/pages\/3374","targetHints":{"allow":["GET"]}}],"collection":[{"href":"https:\/\/wikistartup.tn\/fr\/wp-json\/wp\/v2\/pages"}],"about":[{"href":"https:\/\/wikistartup.tn\/fr\/wp-json\/wp\/v2\/types\/page"}],"author":[{"embeddable":true,"href":"https:\/\/wikistartup.tn\/fr\/wp-json\/wp\/v2\/users\/1"}],"replies":[{"embeddable":true,"href":"https:\/\/wikistartup.tn\/fr\/wp-json\/wp\/v2\/comments?post=3374"}],"version-history":[{"count":21,"href":"https:\/\/wikistartup.tn\/fr\/wp-json\/wp\/v2\/pages\/3374\/revisions"}],"predecessor-version":[{"id":3850,"href":"https:\/\/wikistartup.tn\/fr\/wp-json\/wp\/v2\/pages\/3374\/revisions\/3850"}],"wp:attachment":[{"href":"https:\/\/wikistartup.tn\/fr\/wp-json\/wp\/v2\/media?parent=3374"}],"curies":[{"name":"wp","href":"https:\/\/api.w.org\/{rel}","templated":true}]}}