{"id":3363,"date":"2023-02-13T12:12:02","date_gmt":"2023-02-13T12:12:02","guid":{"rendered":"https:\/\/wikistartup.tn\/?page_id=3363"},"modified":"2023-03-07T11:34:35","modified_gmt":"2023-03-07T11:34:35","slug":"startact","status":"publish","type":"page","link":"https:\/\/wikistartup.tn\/fr\/startact\/","title":{"rendered":"<p>Start&rsquo;Act<\/p>"},"content":{"rendered":"<section class=\"wpb-content-wrapper\"><div class=\"vc_row wpb_row vc_row-fluid\"><div class=\"wpb_column vc_column_container vc_col-sm-2\"><div class=\"vc_column-inner\"><div class=\"wpb_wrapper\"><\/div><\/div><\/div><div class=\"wpb_column vc_column_container vc_col-sm-8\"><div class=\"vc_column-inner\"><div class=\"wpb_wrapper\">\t\t<!-- HTML DESIGN HERE -->\r\n\t\t<div class=\"grid vc-interactive-banner\" id=\"vc-interactive-banner-113\">\r\n\t\t\t<figure class=\"effect-lexi\" style=\"background: ; width: 100%; max-width: px; width: 100%;\">\r\n\t\t\t\t<img decoding=\"async\" src=\"https:\/\/wikistartup.tn\/wp-content\/uploads\/2023\/03\/start_act-2-copie.jpg\" alt=\"\" style=\"height: px; max-width: px; width: 100%;\">\r\n\t\t\t\t<figcaption>\r\n\t\t\t\t\t<div>\r\n\t\t\t\t\t\t<h2 style=\"font-size: 20px; color: #fbbe23; font-weight: 500;\">\r\n\t\t\t\t\t\t\t\t\t\t\t\t\t<\/h2>\r\n\t\t\t\t\t\t<p style=\"font-size: 16px; color: #fbbe23;\">\r\n\t\t\t\t\t\t\tStart'Act\r\n\t\t\t\t\t\t\t\t\t\t\t\t\t\t\t\t\t\t\t\t\t\t\t\t\t\t\t\t\r\n\t\t\t\t\t\t<\/p>\r\n\t\t\t\t\t<\/div>\r\n\t\t\t\t\t\t\t\t\t<\/figcaption>\t\t\t\r\n\t\t\t<\/figure>\r\n\t\t<\/div>\r\n\t\t<style>\r\n\t\t\t@media only screen and (max-width: 480px) {\r\n\t\t\t\t#vc-interactive-banner-113 h2 {\r\n\t\t\t\t\tfont-size: px !important;\r\n\t\t\t\t}\r\n\t\t\t\t#vc-interactive-banner-113 p {\r\n\t\t\t\t\tfont-size: px !important;\r\n\t\t\t\t}\r\n\t\t\t\t#vc-interactive-banner-113 img {\r\n\t\t\t\t\theight: px !important;\r\n\t\t\t\t}\r\n\t\t\t}\r\n\t\t<\/style>\r\n        <!-- HTML END DESIGN HERE -->\r\n\t\t<\/div><\/div><\/div><div class=\"wpb_column vc_column_container vc_col-sm-2\"><div class=\"vc_column-inner\"><div class=\"wpb_wrapper\"><\/div><\/div><\/div><\/div><div class=\"vc_row wpb_row vc_row-fluid\"><div class=\"wpb_column vc_column_container vc_col-sm-2\"><div class=\"vc_column-inner\"><div class=\"wpb_wrapper\"><\/div><\/div><\/div><div class=\"wpb_column vc_column_container vc_col-sm-8 vc_col-has-fill\"><div class=\"vc_column-inner vc_custom_1678117516366\"><div class=\"wpb_wrapper\">\t\t<div class=\"mega-line-container ma_heading_wrap413\">\r\n\t\t\t\r\n\t\t\t\t\t\t    <div class=\"mega-line-center\" style=\"text-align: center;\">  \r\n\t\t        \t<h2 style=\"font-size: 22px; color: #fbbe23; text-transform: default; ;\">\r\n\t\t\t        \tStart\u2019Act a \u00e9t\u00e9 initi\u00e9 en 2015\t\t\t        <\/h2>\r\n\t\t\t        <div style=\"line-height: 1;\">\r\n\t\t        \t\t<span style=\"width: 230px; border-top: 2px solid #ffffff;\"><\/span>\r\n\t\t        \t<\/div>\r\n\t\t        \t<div class=\"heading_desc\">\r\n\t\t\t        \t<p><span style=\"color: #ffffff\">Par l\u2019association Carthage Business Angels et Wiki Startup et \ufb01nanc\u00e9 par l\u2019Agence Fran\u00e7aise de D\u00e9veloppement (AFD).Toutes les \u00e9tapes du programmes sont g\u00e9r\u00e9es par l\u2019incubateur qui est pionner dans l\u2019\u00e9cosyst\u00e8me entrepreneurial depuis 2011.<\/span><\/p>\n\t\t\t        <\/div>\r\n\t\t      \t<\/div>\r\n\t\t    \r\n\t\t    \r\n\t\t    \r\n\t\t    \r\n\t\t          \t<\/div>\r\n\r\n      \t<style>\r\n\t\t\t.ma_heading_wrap413 .heading_desc *{\r\n\t\t\t\tfont-size: 14px;\r\n\t\t\t\t;\r\n\t\t\t}\r\n      \t<\/style>\r\n\t\t<\/div><\/div><\/div><div class=\"wpb_column vc_column_container vc_col-sm-2\"><div class=\"vc_column-inner\"><div class=\"wpb_wrapper\"><\/div><\/div><\/div><\/div><div class=\"vc_row wpb_row vc_row-fluid\"><div class=\"wpb_column vc_column_container vc_col-sm-2\"><div class=\"vc_column-inner\"><div class=\"wpb_wrapper\"><\/div><\/div><\/div><div class=\"wpb_column vc_column_container vc_col-sm-8\"><div class=\"vc_column-inner\"><div class=\"wpb_wrapper\"><div class=\"vc_empty_space\" style=\"height: 32px\"><span class=\"vc_empty_space_inner\"><\/span><\/div>\t\t<div class=\"mega-line-container ma_heading_wrap112\">\r\n\t\t\t\r\n\t\t\t\r\n\t\t    \t\t\t    <div class=\"mega-line-bottom\" style=\"text-align: center;\">  \r\n\t\t\t        <h2 style=\"font-size: 22px; color: #041b7b; text-transform: default; ;\">\r\n\t\t\t        \tStart\u2019Act est dot\u00e9 d\u2019un fonds d\u2019amor\u00e7age de 50 millions de dinars d\u00e9di\u00e9 \u00e0 ses Startups : le\nCapital\u2019Act !\t\t\t        <\/h2>\r\n\t\t\t        <div class=\"heading_desc\" style=\"line-height: 1;\">\r\n\t\t\t        \t<p>Ce premier programme d\u2019accompagnement soutient les Start-ups Tunisiennes innovantes en les aidants dans la cr\u00e9ation et le d\u00e9veloppement de leurs projets. Start\u2019Act se caract\u00e9rise par une incubation riche en formations communes et vari\u00e9es en plus de l\u2019expertise personnalis\u00e9e \u00e9tablie en collaboration avec les porteurs de projet. Soutenu par l'United Gulf Financial Services (UGFS)<\/p>\n\t\t\t        <\/div>\r\n\t\t\t        <span style=\"width: 230px; border-top: 2px solid #041b7b;\"><\/span>\r\n\t\t\t    <\/div>\r\n\t\t    \r\n\t\t    \r\n\t\t    \r\n\t\t          \t<\/div>\r\n\r\n      \t<style>\r\n\t\t\t.ma_heading_wrap112 .heading_desc *{\r\n\t\t\t\tfont-size: 14px;\r\n\t\t\t\t;\r\n\t\t\t}\r\n      \t<\/style>\r\n\t\t<\/div><\/div><\/div><div class=\"wpb_column vc_column_container vc_col-sm-2\"><div class=\"vc_column-inner\"><div class=\"wpb_wrapper\"><\/div><\/div><\/div><\/div><div class=\"vc_row wpb_row vc_row-fluid\"><div class=\"wpb_column vc_column_container vc_col-sm-2\"><div class=\"vc_column-inner\"><div class=\"wpb_wrapper\"><\/div><\/div><\/div><div class=\"wpb_column vc_column_container vc_col-sm-8\"><div class=\"vc_column-inner\"><div class=\"wpb_wrapper\">\t\t<div class=\"mega-accordion maw_accordion_90\" data-active=\"false\" data-anim=\"350\" data-event=\"click\" data-closeicons=\"fa fa-plus\" data-activeicons=\"fa fa-minus\">\r\n\t\t\t\t\t<h3 class=\"ac-style\" id=\"\" style=\"text-align: left;margin-top: 0px;border-width: 0px 0px 0px 0px;border-style: solid;border-color:;border-radius: px;color: #041b7b;background:;font-size: 16px;padding-top: px;padding-bottom: px\">\r\n\t\t\tCrit\u00e8res d\u2019\u00e9l\u00e9gibilit\u00e9\t\t<\/h3>\r\n\t\t<div class=\"mega-panel\" style=\"margin-bottom: 0px;background:;border-width: 0px 0px 0px 0px;border-style: solid;border-color:\">\r\n\t\t  \n<ul>\n<li>Au minimum 2 fondateurs<\/li>\n<li>Produit, service ou process innovant<\/li>\n<li>Equipe multidisciplinaire<\/li>\n<li>Proof of concept ou prototype<\/li>\n<li>Time to market &lt; 1 year<\/li>\n<li>March\u00e9 \u00e0 forte croissance et produit adaptable \u00e0 la demande<\/li>\n<\/ul>\n<p>\t\t<\/p><\/div>\r\n\r\n\t\t\t\t<h3 class=\"ac-style\" id=\"\" style=\"text-align: left;margin-top: 0px;border-width: 0px 0px 0px 0px;border-style: solid;border-color:;border-radius: px;color: #041b7b;background:;font-size: 16px;padding-top: px;padding-bottom: px\">\r\n\t\t\tProcess\u00a0adopt\u00e9\t\t<\/h3>\r\n\t\t<div class=\"mega-panel\" style=\"margin-bottom: 0px;background:;border-width: 0px 0px 0px 0px;border-style: solid;border-color:\">\r\n\t\t  \n<ul>\n<li>Appel \u00e0 candidature<\/li>\n<li>Bootcamp<\/li>\n<li>Evaluation days<\/li>\n<li>Accompagnement<\/li>\n<li>Demo day<\/li>\n<\/ul>\n<p>\t\t<\/p><\/div>\r\n\r\n\t\t\t\t<h3 class=\"ac-style\" id=\"\" style=\"text-align: left;margin-top: 0px;border-width: 0px 0px 0px 0px;border-style: solid;border-color:;border-radius: px;color: #041b7b;background:;font-size: 16px;padding-top: px;padding-bottom: px\">\r\n\t\t\tAvantages\t\t<\/h3>\r\n\t\t<div class=\"mega-panel\" style=\"margin-bottom: 0px;background:;border-width: 0px 0px 0px 0px;border-style: solid;border-color:\">\r\n\t\t  \n<ul>\n<li>6 mois d\u2019incubation et accompagnement complet<\/li>\n<li>Financement<\/li>\n<li>Networking and opportunities<\/li>\n<li>Mentorat personnalis\u00e9e<\/li>\n<li>Entr\u00e9e en capital int\u00e9ressante<\/li>\n<li>Ev\u00e8nements d\u00e9di\u00e9s et personnalis\u00e9s<\/li>\n<\/ul>\n<p>\t\t<\/p><\/div>\r\n\r\n\t\t\t\t<\/div>\r\n\r\n\t\t<style>\r\n\t\t\t.maw_accordion_90 .ac-style .ui-accordion-header-icon {\r\n\t\t\t\tfont-size: 15px;\r\n\t\t\t}\r\n\t\t\t\r\n\t\t\t@media only screen and (max-width: 767px) {\r\n\t\t\t\t.maw_accordion_90 .ac-style {\r\n\t\t\t\t\tfont-size: px !important;\r\n\t\t\t\t}\r\n\t\t\t\t.maw_accordion_90 .ac-style .ui-accordion-header-icon {\r\n\t\t\t\t\tfont-size: px !important;\r\n\t\t\t\t}\r\n\t\t\t\t.maw_accordion_90 .mega-panel, \r\n\t\t\t\t.maw_accordion_90 .mega-panel * {\r\n\t\t\t\t\tfont-size: px !important;\r\n\t\t\t\t}\r\n\t\t\t}\r\n\t\t<\/style>\r\n\r\n\t\t<\/div><\/div><\/div><div class=\"wpb_column vc_column_container vc_col-sm-2\"><div class=\"vc_column-inner\"><div class=\"wpb_wrapper\"><\/div><\/div><\/div><\/div>\n<\/section>","protected":false},"excerpt":{"rendered":"<p>Start'Act Start?Act was initiated in 2015 It was initiated by the association Carthage Business Angels and Wiki Startup and ?nanced by the French [...]<\/p>","protected":false},"author":1,"featured_media":0,"parent":0,"menu_order":0,"comment_status":"closed","ping_status":"closed","template":"","meta":{"footnotes":""},"class_list":["post-3363","page","type-page","status-publish","hentry"],"_links":{"self":[{"href":"https:\/\/wikistartup.tn\/fr\/wp-json\/wp\/v2\/pages\/3363","targetHints":{"allow":["GET"]}}],"collection":[{"href":"https:\/\/wikistartup.tn\/fr\/wp-json\/wp\/v2\/pages"}],"about":[{"href":"https:\/\/wikistartup.tn\/fr\/wp-json\/wp\/v2\/types\/page"}],"author":[{"embeddable":true,"href":"https:\/\/wikistartup.tn\/fr\/wp-json\/wp\/v2\/users\/1"}],"replies":[{"embeddable":true,"href":"https:\/\/wikistartup.tn\/fr\/wp-json\/wp\/v2\/comments?post=3363"}],"version-history":[{"count":9,"href":"https:\/\/wikistartup.tn\/fr\/wp-json\/wp\/v2\/pages\/3363\/revisions"}],"predecessor-version":[{"id":4425,"href":"https:\/\/wikistartup.tn\/fr\/wp-json\/wp\/v2\/pages\/3363\/revisions\/4425"}],"wp:attachment":[{"href":"https:\/\/wikistartup.tn\/fr\/wp-json\/wp\/v2\/media?parent=3363"}],"curies":[{"name":"wp","href":"https:\/\/api.w.org\/{rel}","templated":true}]}}