{"id":3321,"date":"2023-02-13T11:23:39","date_gmt":"2023-02-13T11:23:39","guid":{"rendered":"https:\/\/wikistartup.tn\/?page_id=3321"},"modified":"2023-03-08T11:49:29","modified_gmt":"2023-03-08T11:49:29","slug":"univenture","status":"publish","type":"page","link":"https:\/\/wikistartup.tn\/fr\/univenture\/","title":{"rendered":"<p>Univenture<\/p>"},"content":{"rendered":"<section class=\"wpb-content-wrapper\"><div class=\"vc_row wpb_row vc_row-fluid\"><div class=\"wpb_column vc_column_container vc_col-sm-2\"><div class=\"vc_column-inner\"><div class=\"wpb_wrapper\"><\/div><\/div><\/div><div class=\"wpb_column vc_column_container vc_col-sm-8\"><div class=\"vc_column-inner\"><div class=\"wpb_wrapper\">\t\t<!-- HTML DESIGN HERE -->\r\n\t\t<div class=\"grid vc-interactive-banner\" id=\"vc-interactive-banner-240\">\r\n\t\t\t<figure class=\"effect-lexi\" style=\"background: ; width: 100%; max-width: px; width: 100%;\">\r\n\t\t\t\t<img decoding=\"async\" src=\"https:\/\/wikistartup.tn\/wp-content\/uploads\/2023\/03\/univenturefull.jpg\" alt=\"\" style=\"height: px; max-width: px; width: 100%;\">\r\n\t\t\t\t<figcaption>\r\n\t\t\t\t\t<div>\r\n\t\t\t\t\t\t<h2 style=\"font-size: 18px; color: #fbbe23; font-weight: 500;\">\r\n\t\t\t\t\t\t\t\t\t\t\t\t\t<\/h2>\r\n\t\t\t\t\t\t<p style=\"font-size: 15px; color: #fbbe23;\">\r\n\t\t\t\t\t\t\tUniventure\r\n\t\t\t\t\t\t\t\t\t\t\t\t\t\t\t\t\t\t\t\t\t\t\t\t\t\t\t\t\r\n\t\t\t\t\t\t<\/p>\r\n\t\t\t\t\t<\/div>\r\n\t\t\t\t\t\t\t\t\t<\/figcaption>\t\t\t\r\n\t\t\t<\/figure>\r\n\t\t<\/div>\r\n\t\t<style>\r\n\t\t\t@media only screen and (max-width: 480px) {\r\n\t\t\t\t#vc-interactive-banner-240 h2 {\r\n\t\t\t\t\tfont-size: px !important;\r\n\t\t\t\t}\r\n\t\t\t\t#vc-interactive-banner-240 p {\r\n\t\t\t\t\tfont-size: px !important;\r\n\t\t\t\t}\r\n\t\t\t\t#vc-interactive-banner-240 img {\r\n\t\t\t\t\theight: px !important;\r\n\t\t\t\t}\r\n\t\t\t}\r\n\t\t<\/style>\r\n        <!-- HTML END DESIGN HERE -->\r\n\t\t<\/div><\/div><\/div><div class=\"wpb_column vc_column_container vc_col-sm-2\"><div class=\"vc_column-inner\"><div class=\"wpb_wrapper\"><\/div><\/div><\/div><\/div><div class=\"vc_row wpb_row vc_row-fluid vc_custom_1678118992487 vc_row-has-fill\"><div class=\"wpb_column vc_column_container vc_col-sm-2\"><div class=\"vc_column-inner\"><div class=\"wpb_wrapper\"><\/div><\/div><\/div><div class=\"wpb_column vc_column_container vc_col-sm-8 vc_col-has-fill\"><div class=\"vc_column-inner vc_custom_1678119001479\"><div class=\"wpb_wrapper\">\t\t<div class=\"mega-line-container ma_heading_wrap165 headtitle1\">\r\n\t\t\t\r\n\t\t\t\t\t\t    <div class=\"mega-line-center\" style=\"text-align: center;\">  \r\n\t\t        \t<h2 style=\"font-size: 26px; color: #fbbe23; text-transform: default; font-family:Roboto;font-weight:500;font-style:normal;\">\r\n\t\t\t        \tUNIVENTURE a \u00e9t\u00e9 lanc\u00e9 en 2013\t\t\t        <\/h2>\r\n\t\t\t        <div style=\"line-height: 1;\">\r\n\t\t        \t\t<span style=\"width: 230px; border-top: 2px solid #ffffff;\"><\/span>\r\n\t\t        \t<\/div>\r\n\t\t        \t<div class=\"heading_desc\">\r\n\t\t\t        \t<p><span style=\"color: #ffffff\">C\u2019est un programme d\u2019incubation et de cr\u00e9ation d\u2019entreprises \u00e0 partir de travaux acad\u00e9miques et scientifiques en Tunisie. C\u2019est un concours de projets combin\u00e9 \u00e0 un Boot Camp. La finalit\u00e9 de ce programme est de stimuler l\u2019innovation et l\u2019entrepreneuriat tout en renfor\u00e7ant la capacit\u00e9 des promoteurs \u00e0 g\u00e9rer et r\u00e9ussir le d\u00e9marrage de leur projet innovant sur de bonnes bases. Les b\u00e9n\u00e9ficiaires de ce programme seront accompagn\u00e9s techniquement pour  la mod\u00e9lisation de leur plan d\u2019affaires et participeront une fois s\u00e9lectionn\u00e9s \u00e0 des sessions d'entra\u00eenement sp\u00e9cifiques.<\/span><\/p>\n\t\t\t        <\/div>\r\n\t\t      \t<\/div>\r\n\t\t    \r\n\t\t    \r\n\t\t    \r\n\t\t    \r\n\t\t          \t<\/div>\r\n\r\n      \t<style>\r\n\t\t\t.ma_heading_wrap165 .heading_desc *{\r\n\t\t\t\tfont-size: 14px;\r\n\t\t\t\tfont-family:Roboto;font-weight:500;font-style:normal;\r\n\t\t\t}\r\n      \t<\/style>\r\n\t\t<\/div><\/div><\/div><div class=\"wpb_column vc_column_container vc_col-sm-2\"><div class=\"vc_column-inner\"><div class=\"wpb_wrapper\"><\/div><\/div><\/div><\/div><div class=\"vc_row wpb_row vc_row-fluid\"><div class=\"wpb_column vc_column_container vc_col-sm-2\"><div class=\"vc_column-inner\"><div class=\"wpb_wrapper\"><\/div><\/div><\/div><div class=\"wpb_column vc_column_container vc_col-sm-8\"><div class=\"vc_column-inner\"><div class=\"wpb_wrapper\">\t\t<div class=\"mega-line-container ma_heading_wrap186\">\r\n\t\t\t\r\n\t\t\t\r\n\t\t    \t\t\t    <div class=\"mega-line-bottom\" style=\"text-align: center;\">  \r\n\t\t\t        <h2 style=\"font-size: 22px; color: #000000; text-transform: default; font-family:Roboto;font-weight:500;font-style:normal;\">\r\n\t\t\t        \t\t\t\t        <\/h2>\r\n\t\t\t        <div class=\"heading_desc\" style=\"line-height: 2;\">\r\n\t\t\t        \t<p><span style=\"color: #041b7b\">Les 4 \u00e9ditions r\u00e9alis\u00e9es avaient pour but de valoriser les projets de recherche afin de cr\u00e9er une dynamique entrepreneuriale \u00e0 une large \u00e9chelle. Les 18 laur\u00e9ats qui ont re\u00e7u un cash prize chacun ont \u00e9galement b\u00e9n\u00e9ficieront d\u2019un accompagnement Post Comp\u00e9tition par l\u2019\u00e9quipe Wiki Start Up pour la finalisation du processus de cr\u00e9ation de leur projet.<\/span><\/p>\n\t\t\t        <\/div>\r\n\t\t\t        <span style=\"width: 230px; border-top: 2px solid #041b7b;\"><\/span>\r\n\t\t\t    <\/div>\r\n\t\t    \r\n\t\t    \r\n\t\t    \r\n\t\t          \t<\/div>\r\n\r\n      \t<style>\r\n\t\t\t.ma_heading_wrap186 .heading_desc *{\r\n\t\t\t\tfont-size: 14px;\r\n\t\t\t\tfont-family:Roboto;font-weight:500;font-style:normal;\r\n\t\t\t}\r\n      \t<\/style>\r\n\t\t<\/div><\/div><\/div><div class=\"wpb_column vc_column_container vc_col-sm-2\"><div class=\"vc_column-inner\"><div class=\"wpb_wrapper\"><\/div><\/div><\/div><\/div><div class=\"vc_row wpb_row vc_row-fluid\"><div class=\"wpb_column vc_column_container vc_col-sm-2\"><div class=\"vc_column-inner\"><div class=\"wpb_wrapper\"><\/div><\/div><\/div><div class=\"wpb_column vc_column_container vc_col-sm-8\"><div class=\"vc_column-inner\"><div class=\"wpb_wrapper\">\t\t<div class=\"mega-accordion maw_accordion_210\" data-active=\"false\" data-anim=\"350\" data-event=\"click\" data-closeicons=\"fa fa-plus\" data-activeicons=\"fa fa-minus\">\r\n\t\t\t\t\t<h3 class=\"ac-style\" id=\"\" style=\"text-align: left;margin-top: 0px;border-width: 0px 0px 0px 0px;border-style: solid;border-color:;border-radius: px;color: #041b7b;background:;font-size: 16px;padding-top: px;padding-bottom: px\">\r\n\t\t\tCrit\u00e8res d\u2019\u00e9l\u00e9gibilit\u00e9\t\t<\/h3>\r\n\t\t<div class=\"mega-panel\" style=\"margin-bottom: 0px;background:;border-width: 0px 0px 0px 0px;border-style: solid;border-color:\">\r\n\t\t  \n<ul>\n<li>&nbsp;La vocation scientifique ou technologique<\/li>\n<li>L\u2019\u00e2ge du candidat doit \u00eatre entre 20 &amp; 50 ans<\/li>\n<li>Le repr\u00e9sentant du projet doit appartenir \u00e0 l\u2019un des \u00e9tablissements du r\u00e9seau MESR<\/li>\n<li>Le stade du projet doit \u00eatre en phase \u00abid\u00e9ation\u00bb<\/li>\n<li>L\u2019innovation<\/li>\n<\/ul>\n<p>\t\t<\/p><\/div>\r\n\r\n\t\t\t\t<h3 class=\"ac-style\" id=\"\" style=\"text-align: left;margin-top: 0px;border-width: 0px 0px 0px 0px;border-style: solid;border-color:;border-radius: px;color: #041b7b;background:;font-size: 16px;padding-top: px;padding-bottom: px\">\r\n\t\t\tProcess\u00a0adopt\u00e9\t\t<\/h3>\r\n\t\t<div class=\"mega-panel\" style=\"margin-bottom: 0px;background:;border-width: 0px 0px 0px 0px;border-style: solid;border-color:\">\r\n\t\t  \n<ol>\n<li>Appel \u00e0 candidature<\/li>\n<li>Choix des pr\u00e9s\u00e9lectionn\u00e9es<\/li>\n<li>Mentoring<\/li>\n<li>Bootcamp<\/li>\n<li>S\u00e9lection finale et Ceremony Award<\/li>\n<\/ol>\n<p>\t\t<\/p><\/div>\r\n\r\n\t\t\t\t<\/div>\r\n\r\n\t\t<style>\r\n\t\t\t.maw_accordion_210 .ac-style .ui-accordion-header-icon {\r\n\t\t\t\tfont-size: 15px;\r\n\t\t\t}\r\n\t\t\t\r\n\t\t\t@media only screen and (max-width: 767px) {\r\n\t\t\t\t.maw_accordion_210 .ac-style {\r\n\t\t\t\t\tfont-size: px !important;\r\n\t\t\t\t}\r\n\t\t\t\t.maw_accordion_210 .ac-style .ui-accordion-header-icon {\r\n\t\t\t\t\tfont-size: px !important;\r\n\t\t\t\t}\r\n\t\t\t\t.maw_accordion_210 .mega-panel, \r\n\t\t\t\t.maw_accordion_210 .mega-panel * {\r\n\t\t\t\t\tfont-size: px !important;\r\n\t\t\t\t}\r\n\t\t\t}\r\n\t\t<\/style>\r\n\r\n\t\t<\/div><\/div><\/div><div class=\"wpb_column vc_column_container vc_col-sm-2\"><div class=\"vc_column-inner\"><div class=\"wpb_wrapper\"><\/div><\/div><\/div><\/div>\n<\/section>","protected":false},"excerpt":{"rendered":"<p>Univenture UNIVENTURE was launched in 2013 It is a program of incubation and creation of companies from academic and scientific work in Tunisia. [...]<\/p>","protected":false},"author":1,"featured_media":0,"parent":0,"menu_order":0,"comment_status":"closed","ping_status":"closed","template":"","meta":{"footnotes":""},"class_list":["post-3321","page","type-page","status-publish","hentry"],"_links":{"self":[{"href":"https:\/\/wikistartup.tn\/fr\/wp-json\/wp\/v2\/pages\/3321","targetHints":{"allow":["GET"]}}],"collection":[{"href":"https:\/\/wikistartup.tn\/fr\/wp-json\/wp\/v2\/pages"}],"about":[{"href":"https:\/\/wikistartup.tn\/fr\/wp-json\/wp\/v2\/types\/page"}],"author":[{"embeddable":true,"href":"https:\/\/wikistartup.tn\/fr\/wp-json\/wp\/v2\/users\/1"}],"replies":[{"embeddable":true,"href":"https:\/\/wikistartup.tn\/fr\/wp-json\/wp\/v2\/comments?post=3321"}],"version-history":[{"count":38,"href":"https:\/\/wikistartup.tn\/fr\/wp-json\/wp\/v2\/pages\/3321\/revisions"}],"predecessor-version":[{"id":3934,"href":"https:\/\/wikistartup.tn\/fr\/wp-json\/wp\/v2\/pages\/3321\/revisions\/3934"}],"wp:attachment":[{"href":"https:\/\/wikistartup.tn\/fr\/wp-json\/wp\/v2\/media?parent=3321"}],"curies":[{"name":"wp","href":"https:\/\/api.w.org\/{rel}","templated":true}]}}