{"id":329,"date":"2016-01-19T09:55:19","date_gmt":"2016-01-19T09:55:19","guid":{"rendered":"http:\/\/keysoft-wp.keydesign-themes.com\/?page_id=329"},"modified":"2023-02-10T10:18:26","modified_gmt":"2023-02-10T10:18:26","slug":"our-mission","status":"publish","type":"page","link":"https:\/\/wikistartup.tn\/fr\/home\/our-mission\/","title":{"rendered":"<p>Our mission &amp; Services<\/p>"},"content":{"rendered":"<section class=\"wpb-content-wrapper\"><div class=\"vc_row wpb_row vc_row-fluid\"><div class=\"wpb_animate_when_almost_visible wpb_fadeIn fadeIn wpb_column vc_column_container vc_col-sm-12\"><div class=\"vc_column-inner\"><div class=\"wpb_wrapper\">\r\n\t\t\t<div class=\"features-tabs tabs-image-left\"><div id=\"kd-extendtabs-69d5934bd4aee\">\r\n\t\t\t\t<div class=\"tab-image-container\"><img loading=\"lazy\" decoding=\"async\" width=\"1245\" height=\"700\" src=\"https:\/\/wikistartup.tn\/wp-content\/uploads\/2023\/01\/1.jpg\" class=\"attachment-full\" alt=\"\" title=\"Copy of 211 Quote\" srcset=\"https:\/\/wikistartup.tn\/wp-content\/uploads\/2023\/01\/1.jpg 1245w, https:\/\/wikistartup.tn\/wp-content\/uploads\/2023\/01\/1-300x169.jpg 300w, https:\/\/wikistartup.tn\/wp-content\/uploads\/2023\/01\/1-1024x576.jpg 1024w, https:\/\/wikistartup.tn\/wp-content\/uploads\/2023\/01\/1-768x432.jpg 768w\" sizes=\"auto, (max-width: 1245px) 100vw, 1245px\"><\/div>\r\n\t\t\t\t<li class=\"tab col-md-4\">\r\n\t\t\t\t\t<a href=\"#kd-extendtabs-69d5934bd4aee\">\r\n\t\t\t\t\t\t<span class=\"triangle\"><\/span>\r\n\t\t\t\t\t\t<i class=\"vc_li vc_li-bulb\"><\/i> \r\n\t\t\t\t\t\t<h5>Notre mission<\/h5>\r\n\t\t\t\t\t\t<p>En tant que 1\u00e8re SSO, notre objectif est de lib\u00e9rer tous les talents, le potentiel et les ressources pour les faire prosp\u00e9rer. En partageant les meilleurs espaces, les meilleures connaissances et un r\u00e9seau efficace, nous faisons progresser rapidement l'\u00e9cosyst\u00e8me de l'innovation.<\/p>\r\n\t\t\t\t\t<\/a>\r\n\t\t\t\t<\/li>\r\n\t\t\t<\/div><div id=\"kd-extendtabs-69d5934bd5289\">\r\n\t\t\t\t<div class=\"tab-image-container\"><img loading=\"lazy\" decoding=\"async\" width=\"1920\" height=\"1081\" src=\"https:\/\/wikistartup.tn\/wp-content\/uploads\/2023\/01\/services-1.png\" class=\"attachment-full\" alt=\"\" title=\"services\" srcset=\"https:\/\/wikistartup.tn\/wp-content\/uploads\/2023\/01\/services-1.png 1920w, https:\/\/wikistartup.tn\/wp-content\/uploads\/2023\/01\/services-1-300x169.png 300w, https:\/\/wikistartup.tn\/wp-content\/uploads\/2023\/01\/services-1-1024x577.png 1024w, https:\/\/wikistartup.tn\/wp-content\/uploads\/2023\/01\/services-1-768x432.png 768w, https:\/\/wikistartup.tn\/wp-content\/uploads\/2023\/01\/services-1-1536x865.png 1536w\" sizes=\"auto, (max-width: 1920px) 100vw, 1920px\"><\/div>\r\n\t\t\t\t<li class=\"tab col-md-4\">\r\n\t\t\t\t\t<a href=\"#kd-extendtabs-69d5934bd5289\">\r\n\t\t\t\t\t\t<span class=\"triangle\"><\/span>\r\n\t\t\t\t\t\t<i class=\"vc_li vc_li-eye\"><\/i> \r\n\t\t\t\t\t\t<h5>Notre vision<\/h5>\r\n\t\t\t\t\t\t<p>Nous pensons que l'INNOVATION n'a ni nationalit\u00e9, ni religion. Elle peut \u00eatre partout et venir de n'importe qui. C'est un lien entre le talent, le travail acharn\u00e9, l'\u00e9ducation et les ressources mat\u00e9rielles.<\/p>\r\n\t\t\t\t\t<\/a>\r\n\t\t\t\t<\/li>\r\n\t\t\t<\/div><div id=\"kd-extendtabs-69d5934bd5638\">\r\n\t\t\t\t<div class=\"tab-image-container\"><img loading=\"lazy\" decoding=\"async\" width=\"2655\" height=\"1477\" src=\"https:\/\/wikistartup.tn\/wp-content\/uploads\/2023\/01\/Image3.png\" class=\"attachment-full\" alt=\"\" title=\"Image3\" srcset=\"https:\/\/wikistartup.tn\/wp-content\/uploads\/2023\/01\/Image3.png 2655w, https:\/\/wikistartup.tn\/wp-content\/uploads\/2023\/01\/Image3-300x167.png 300w, https:\/\/wikistartup.tn\/wp-content\/uploads\/2023\/01\/Image3-1024x570.png 1024w, https:\/\/wikistartup.tn\/wp-content\/uploads\/2023\/01\/Image3-768x427.png 768w, https:\/\/wikistartup.tn\/wp-content\/uploads\/2023\/01\/Image3-1536x854.png 1536w, https:\/\/wikistartup.tn\/wp-content\/uploads\/2023\/01\/Image3-2048x1139.png 2048w\" sizes=\"auto, (max-width: 2655px) 100vw, 2655px\"><\/div>\r\n\t\t\t\t<li class=\"tab col-md-4\">\r\n\t\t\t\t\t<a href=\"#kd-extendtabs-69d5934bd5638\">\r\n\t\t\t\t\t\t<span class=\"triangle\"><\/span>\r\n\t\t\t\t\t\t<i class=\"vc_li vc_li-star\"><\/i> \r\n\t\t\t\t\t\t<h5>Notre valeur<\/h5>\r\n\t\t\t\t\t\t<p>Fournit aux jeunes entreprises les ressources, le mentorat et le r\u00e9seau n\u00e9cessaires pour transformer leurs id\u00e9es en entreprises prosp\u00e8res. Rejoignez-nous pour acc\u00e9der aux outils dont vous avez besoin pour faire passer votre entreprise au niveau sup\u00e9rieur.<\/p>\r\n\t\t\t\t\t<\/a>\r\n\t\t\t\t<\/li>\r\n\t\t\t<\/div>\r\n\t\t\t\t<ul class=\"tabs\"><\/ul>\r\n\t\t\t<\/div><\/div><\/div><\/div><\/div><div class=\"vc_row wpb_row vc_row-fluid\"><div class=\"wpb_column vc_column_container vc_col-sm-12\"><div class=\"vc_column-inner\"><div class=\"wpb_wrapper\"><\/div><\/div><\/div><\/div>\n<\/section>","protected":false},"excerpt":{"rendered":"<p>Our mission As the 1st SSO our goal is to unleash all the talent potential and resources to thrive. By sharing the best [...]<\/p>","protected":false},"author":1,"featured_media":0,"parent":361,"menu_order":2,"comment_status":"closed","ping_status":"closed","template":"","meta":{"footnotes":""},"class_list":["post-329","page","type-page","status-publish","hentry"],"_links":{"self":[{"href":"https:\/\/wikistartup.tn\/fr\/wp-json\/wp\/v2\/pages\/329","targetHints":{"allow":["GET"]}}],"collection":[{"href":"https:\/\/wikistartup.tn\/fr\/wp-json\/wp\/v2\/pages"}],"about":[{"href":"https:\/\/wikistartup.tn\/fr\/wp-json\/wp\/v2\/types\/page"}],"author":[{"embeddable":true,"href":"https:\/\/wikistartup.tn\/fr\/wp-json\/wp\/v2\/users\/1"}],"replies":[{"embeddable":true,"href":"https:\/\/wikistartup.tn\/fr\/wp-json\/wp\/v2\/comments?post=329"}],"version-history":[{"count":43,"href":"https:\/\/wikistartup.tn\/fr\/wp-json\/wp\/v2\/pages\/329\/revisions"}],"predecessor-version":[{"id":3132,"href":"https:\/\/wikistartup.tn\/fr\/wp-json\/wp\/v2\/pages\/329\/revisions\/3132"}],"up":[{"embeddable":true,"href":"https:\/\/wikistartup.tn\/fr\/wp-json\/wp\/v2\/pages\/361"}],"wp:attachment":[{"href":"https:\/\/wikistartup.tn\/fr\/wp-json\/wp\/v2\/media?parent=329"}],"curies":[{"name":"wp","href":"https:\/\/api.w.org\/{rel}","templated":true}]}}