{"id":3258,"date":"2023-02-10T13:39:18","date_gmt":"2023-02-10T13:39:18","guid":{"rendered":"https:\/\/wikistartup.tn\/?page_id=3258"},"modified":"2023-04-04T13:01:22","modified_gmt":"2023-04-04T13:01:22","slug":"our-initiatives","status":"publish","type":"page","link":"https:\/\/wikistartup.tn\/fr\/home\/our-initiatives\/","title":{"rendered":"<p>NOS INITIATIVES<\/p>"},"content":{"rendered":"<section class=\"wpb-content-wrapper\"><div class=\"vc_row wpb_row vc_row-fluid\"><div class=\"wpb_column vc_column_container vc_col-sm-6\"><div class=\"vc_column-inner\"><div class=\"wpb_wrapper\"><div class=\"kd-photobox shine-effect kd-animated zoomIn\" data-animation-delay=\"200\"><a href=\"https:\/\/wikistartup.tn\/fr\/white-label-support\/\" target=\"\" title=\"Accompagnement marque blanche\"><div class=\"photobox-img\"><img loading=\"lazy\" decoding=\"async\" width=\"1920\" height=\"1108\" src=\"https:\/\/wikistartup.tn\/wp-content\/uploads\/2023\/03\/Marque-blanche.jpg\" class=\"attachment-full\" alt=\"\" title=\"Diverse people joining hands together\" srcset=\"https:\/\/wikistartup.tn\/wp-content\/uploads\/2023\/03\/Marque-blanche.jpg 1920w, https:\/\/wikistartup.tn\/wp-content\/uploads\/2023\/03\/Marque-blanche-300x173.jpg 300w, https:\/\/wikistartup.tn\/wp-content\/uploads\/2023\/03\/Marque-blanche-1024x591.jpg 1024w, https:\/\/wikistartup.tn\/wp-content\/uploads\/2023\/03\/Marque-blanche-768x443.jpg 768w, https:\/\/wikistartup.tn\/wp-content\/uploads\/2023\/03\/Marque-blanche-1536x886.jpg 1536w, https:\/\/wikistartup.tn\/wp-content\/uploads\/2023\/03\/Marque-blanche-18x10.jpg 18w\" sizes=\"auto, (max-width: 1920px) 100vw, 1920px\"><\/div><div class=\"phb-content text-left\">\n                  <h4>Accompagnement marque blanche<\/h4>\n                  <p>Am\u00e9liorez votre entreprise gr\u00e2ce \u00e0 notre accompagnement en marque blanche. Laissez l'\u00e9quipe exp\u00e9riment\u00e9e de WikiStartup fournir des conseils et un soutien complets sous votre marque, pour aider votre entreprise \u00e0 r\u00e9ussir.<\/p><\/div><\/a><\/div><\/div><\/div><\/div><div class=\"wpb_column vc_column_container vc_col-sm-6\"><div class=\"vc_column-inner\"><div class=\"wpb_wrapper\"><div class=\"kd-photobox shine-effect kd-animated fadeInRight\" data-animation-delay=\"400\"><a href=\"https:\/\/wikistartup.tn\/fr\/innovation-contest\/\" target=\"\" title=\"Concours d\u2019innovation\"><div class=\"photobox-img\"><img loading=\"lazy\" decoding=\"async\" width=\"1920\" height=\"1108\" src=\"https:\/\/wikistartup.tn\/wp-content\/uploads\/2023\/04\/innovation-contest.png\" class=\"attachment-full\" alt=\"\" title=\"innovation-contest\" srcset=\"https:\/\/wikistartup.tn\/wp-content\/uploads\/2023\/04\/innovation-contest.png 1920w, https:\/\/wikistartup.tn\/wp-content\/uploads\/2023\/04\/innovation-contest-300x173.png 300w, https:\/\/wikistartup.tn\/wp-content\/uploads\/2023\/04\/innovation-contest-1024x591.png 1024w, https:\/\/wikistartup.tn\/wp-content\/uploads\/2023\/04\/innovation-contest-768x443.png 768w, https:\/\/wikistartup.tn\/wp-content\/uploads\/2023\/04\/innovation-contest-1536x886.png 1536w, https:\/\/wikistartup.tn\/wp-content\/uploads\/2023\/04\/innovation-contest-18x10.png 18w\" sizes=\"auto, (max-width: 1920px) 100vw, 1920px\"><\/div><div class=\"phb-content text-left\">\n                  <h4>Concours d\u2019innovation<\/h4>\n                  <p>Innovez et gagnez gros avec le concours d'innovation de WikiStartup. Pr\u00e9sentez vos id\u00e9es et concourez pour des prix int\u00e9ressants tout en b\u00e9n\u00e9ficiant du mentorat et du soutien d'experts de l'industrie.<\/p><\/div><\/a><\/div><\/div><\/div><\/div><\/div>\n<\/section>","protected":false},"excerpt":{"rendered":"<p>White label support Elevate your business with our white label accompaniment. Let WikiStartup's experienced team provide comprehensive guidance and support under your brand, [...]<\/p>","protected":false},"author":1,"featured_media":0,"parent":361,"menu_order":7,"comment_status":"closed","ping_status":"closed","template":"","meta":{"footnotes":""},"class_list":["post-3258","page","type-page","status-publish","hentry"],"_links":{"self":[{"href":"https:\/\/wikistartup.tn\/fr\/wp-json\/wp\/v2\/pages\/3258","targetHints":{"allow":["GET"]}}],"collection":[{"href":"https:\/\/wikistartup.tn\/fr\/wp-json\/wp\/v2\/pages"}],"about":[{"href":"https:\/\/wikistartup.tn\/fr\/wp-json\/wp\/v2\/types\/page"}],"author":[{"embeddable":true,"href":"https:\/\/wikistartup.tn\/fr\/wp-json\/wp\/v2\/users\/1"}],"replies":[{"embeddable":true,"href":"https:\/\/wikistartup.tn\/fr\/wp-json\/wp\/v2\/comments?post=3258"}],"version-history":[{"count":10,"href":"https:\/\/wikistartup.tn\/fr\/wp-json\/wp\/v2\/pages\/3258\/revisions"}],"predecessor-version":[{"id":3260,"href":"https:\/\/wikistartup.tn\/fr\/wp-json\/wp\/v2\/pages\/3258\/revisions\/3260"}],"up":[{"embeddable":true,"href":"https:\/\/wikistartup.tn\/fr\/wp-json\/wp\/v2\/pages\/361"}],"wp:attachment":[{"href":"https:\/\/wikistartup.tn\/fr\/wp-json\/wp\/v2\/media?parent=3258"}],"curies":[{"name":"wp","href":"https:\/\/api.w.org\/{rel}","templated":true}]}}