{"id":3168,"date":"2023-02-10T11:37:19","date_gmt":"2023-02-10T11:37:19","guid":{"rendered":"https:\/\/wikistartup.tn\/?page_id=3168"},"modified":"2023-03-27T13:44:39","modified_gmt":"2023-03-27T13:44:39","slug":"startup-nest-early-stage","status":"publish","type":"page","link":"https:\/\/wikistartup.tn\/fr\/startup-nest-early-stage\/","title":{"rendered":"<p>Startup-nest-early-stage<\/p>"},"content":{"rendered":"<section class=\"wpb-content-wrapper\"><div class=\"vc_row wpb_row vc_row-fluid\"><div class=\"wpb_column vc_column_container vc_col-sm-2\"><div class=\"vc_column-inner\"><div class=\"wpb_wrapper\"><\/div><\/div><\/div><div class=\"wpb_column vc_column_container vc_col-sm-8\"><div class=\"vc_column-inner\"><div class=\"wpb_wrapper\">\t\t<section class=\"tm-slider slider  content-over-slider\" id=\"tdt-slider-78\" data-mobiles=\"1\" data-tabs=\"1\" data-slick='{\"arrows\": false, \"autoplaySpeed\": 4500, \"speed\": 500, \"dots\": false, \"autoplay\": true, \"slidesToShow\": 2, \"slidesToScroll\": 1, \"fade\": false}'>\r\n\t\t    \t\t<div class=\"carousel-caption\" style=\"background: none\">\r\n\t\t  <div>\r\n\t\t  \t\t\t\t\t\t\t\t<a>\r\n\t\t\t\t\t\t\t\t\t  \t<img decoding=\"async\" src=\"https:\/\/wikistartup.tn\/wp-content\/uploads\/2023\/03\/Image1.jpg\" alt=\"\" class=\"ultimate-slide-img\" style=\"max-width: 100%;width:;height:;border-radius: 0;margin-bottom: 15px\">\r\n\t\t\t\t\r\n\t\t\t\t<\/a>\r\n\t\t  \t<span class=\"content-section\" style=\"text-align: center;top: 0%\">\r\n\t\t\t  \t<h2 class=\"tdt-slider-heading\" style=\"font-size: 22px;color:;font-weight: normal;line-height: 1\">\r\n\t\t\t  \t\t\t\t\t  \t<\/h2>\r\n\t\t\t  \t\t\t\t  \t\r\n\t\t\t  \t<br>\r\n\r\n\t\t\t  \t\t\t\t  \t<p>&nbsp;<\/p>\r\n\t\t  \t<\/span>\r\n\t\t  <\/div>\r\n\t\t<\/div>\r\n\t\t\t\t<div class=\"carousel-caption\" style=\"background: none\">\r\n\t\t  <div>\r\n\t\t  \t\t\t\t\t\t\t\t<a>\r\n\t\t\t\t\t\t\t\t\t  \t<img decoding=\"async\" src=\"https:\/\/wikistartup.tn\/wp-content\/uploads\/2023\/03\/Image2.jpg\" alt=\"\" class=\"ultimate-slide-img\" style=\"max-width: 100%;width:;height:;border-radius: 0;margin-bottom: 15px\">\r\n\t\t\t\t\r\n\t\t\t\t<\/a>\r\n\t\t  \t<span class=\"content-section\" style=\"text-align: center;top: 0%\">\r\n\t\t\t  \t<h2 class=\"tdt-slider-heading\" style=\"font-size: 22px;color:;font-weight: normal;line-height: 1\">\r\n\t\t\t  \t\t\t\t\t  \t<\/h2>\r\n\t\t\t  \t\t\t\t  \t\r\n\t\t\t  \t<br>\r\n\r\n\t\t\t  \t\t\t\t  \t<p>&nbsp;<\/p>\r\n\t\t  \t<\/span>\r\n\t\t  <\/div>\r\n\t\t<\/div>\r\n\t\t\t\t<div class=\"carousel-caption\" style=\"background: none\">\r\n\t\t  <div>\r\n\t\t  \t\t\t\t\t\t\t\t<a>\r\n\t\t\t\t\t\t\t\t\t  \t<img decoding=\"async\" src=\"https:\/\/wikistartup.tn\/wp-content\/uploads\/2023\/03\/Image3.jpg\" alt=\"\" class=\"ultimate-slide-img\" style=\"max-width: 100%;width:;height:;border-radius: 0;margin-bottom: 15px\">\r\n\t\t\t\t\r\n\t\t\t\t<\/a>\r\n\t\t  \t<span class=\"content-section\" style=\"text-align: center;top: 0%\">\r\n\t\t\t  \t<h2 class=\"tdt-slider-heading\" style=\"font-size: 22px;color:;font-weight: normal;line-height: 1\">\r\n\t\t\t  \t\t\t\t\t  \t<\/h2>\r\n\t\t\t  \t\t\t\t  \t\r\n\t\t\t  \t<br>\r\n\r\n\t\t\t  \t\t\t\t  \t<p>&nbsp;<\/p>\r\n\t\t  \t<\/span>\r\n\t\t  <\/div>\r\n\t\t<\/div>\r\n\t\t\t\t<\/section>\r\n\r\n\t\t<style>\r\n\t\t\t#tdt-slider-78 .slick-slide {\r\n\t\t\t\tpadding: 0 15px !important;\r\n\t\t\t}\r\n\t\t\t\t\t\t\t\t\t\t\t\t\t@media only screen and (max-width: 480px) {\r\n\t\t\t\t\t#tdt-slider-78.content-over-slider .slick-slide .content-section {\r\n\t\t\t\t\t\ttop: 35px !important;\r\n\t\t\t\t\t}\r\n\t\t\t\t\t#tdt-slider-78.content-over-slider .ultimate-slide-img {\r\n\t\t\t\t\t\theight: px !important;\r\n\t\t\t\t\t\tobject-fit: cover;\r\n\t\t\t\t\t}\r\n\t\t\t\t}\r\n\t\t\t\t\t<\/style>\r\n\t\t<\/div><\/div><\/div><div class=\"wpb_column vc_column_container vc_col-sm-2\"><div class=\"vc_column-inner\"><div class=\"wpb_wrapper\"><\/div><\/div><\/div><\/div><div class=\"vc_row wpb_row vc_row-fluid\"><div class=\"wpb_column vc_column_container vc_col-sm-2\"><div class=\"vc_column-inner\"><div class=\"wpb_wrapper\"><\/div><\/div><\/div><div class=\"wpb_column vc_column_container vc_col-sm-8 vc_col-has-fill\"><div class=\"vc_column-inner vc_custom_1678117516366\"><div class=\"wpb_wrapper\">\t\t<div class=\"mega-line-container ma_heading_wrap328\">\r\n\t\t\t\r\n\t\t\t\t\t\t    <div class=\"mega-line-center\" style=\"text-align: center;\">  \r\n\t\t        \t<h2 style=\"font-size: 22px; color: #fbbe23; text-transform: default; ;\">\r\n\t\t\t        \tProgramme d\u2019accompagnement sectoriel d\u00e9di\u00e9 aux porteurs de projets innovants en early stage\ndans les secteurs de la Fintech et de l\u2019Agritech.\t\t\t        <\/h2>\r\n\t\t\t        <div style=\"line-height: 1;\">\r\n\t\t        \t\t<span style=\"width: 230px; border-top: 2px solid #ffffff;\"><\/span>\r\n\t\t        \t<\/div>\r\n\t\t        \t<div class=\"heading_desc\">\r\n\t\t\t        \t<p style=\"text-align: center\"><span style=\"color: #ffffff\">Dans ces deux premi\u00e8res \u00e9ditions, Startup Nest s\u2019agit d\u2019un programme d\u2019incubation, initi\u00e9 par\nWiki Startup, financ\u00e9 par le minist\u00e8re des affaires \u00e9trang\u00e9res hollondais avec l\u2019appui technique de l\u2019ONG SPARK, est d\u00e9di\u00e9 \u00e0 l\u2019accompagnement et le soutien des porteurs de projets innovants.<\/span><\/p>\n<p><span style=\"color: #ffffff\"><span style=\"color: #fbbe23\"><strong>FinTech Edition:&nbsp;<\/strong> <\/span>Cette 1\u00e8re \u00e9dition est d\u00e9di\u00e9e \u00e0 toutes technologies aux services des activit\u00e9s\nfinanci\u00e8res pour faciliter la gestion d\u2019\u00e9pargne au pr\u00eat pour les particuliers, en passant par le\nfinancement des entreprises ou le paiement en ligne.<\/span><\/p>\n<p><span style=\"color: #ffffff\"><span style=\"color: #fbbe23\"><strong>AgriTech Edition:<\/strong> &nbsp;<\/span>Cette 2\u00e8me \u00e9dition est d\u00e9di\u00e9e au domaine de l\u2019Agriculture, c\u2019est l'utilisation de\nla technologie dans l'agriculture, l'horticulture et l'aquaculture dans le but d'am\u00e9liorer le\nrendement, l'efficacit\u00e9 et la rentabilit\u00e9. La technologie agricole peut \u00eatre des produits, des services ou des applications d\u00e9riv\u00e9s de l'agriculture qui am\u00e9liorent divers processus d'entr\u00e9e \/ sortie.<\/span><\/p>\n\t\t\t        <\/div>\r\n\t\t      \t<\/div>\r\n\t\t    \r\n\t\t    \r\n\t\t    \r\n\t\t    \r\n\t\t          \t<\/div>\r\n\r\n      \t<style>\r\n\t\t\t.ma_heading_wrap328 .heading_desc *{\r\n\t\t\t\tfont-size: 14px;\r\n\t\t\t\t;\r\n\t\t\t}\r\n      \t<\/style>\r\n\t\t<\/div><\/div><\/div><div class=\"wpb_column vc_column_container vc_col-sm-2\"><div class=\"vc_column-inner\"><div class=\"wpb_wrapper\"><\/div><\/div><\/div><\/div><div class=\"vc_row wpb_row vc_row-fluid\"><div class=\"wpb_column vc_column_container vc_col-sm-2\"><div class=\"vc_column-inner\"><div class=\"wpb_wrapper\"><\/div><\/div><\/div><div class=\"wpb_column vc_column_container vc_col-sm-8\"><div class=\"vc_column-inner\"><div class=\"wpb_wrapper\"><div class=\"vc_empty_space\" style=\"height: 32px\"><span class=\"vc_empty_space_inner\"><\/span><\/div>\n\t<div class=\"wpb_text_column wpb_content_element\">\n\t\t<div class=\"wpb_wrapper\">\n\t\t\t<div class=\"vc_separator wpb_content_element vc_separator_align_center vc_sep_width_100 vc_sep_shadow vc_sep_border_width_2 vc_sep_pos_align_center vc_separator-has-text\"><span class=\"vc_sep_holder vc_sep_holder_l\"><span style=\"color:#fbbe23;\" class=\"vc_sep_line\"><\/span><\/span><h4>Dans le cadre de ce programme, Wiki Startup se charge de mettre en \u0153uvre ces \u00e9l\u00e9ments\nessentiels<\/h4><span class=\"vc_sep_holder vc_sep_holder_r\"><span style=\"color:#fbbe23;\" class=\"vc_sep_line\"><\/span><\/span>\n<\/div>\n\t<div class=\"wpb_text_column wpb_content_element  wpb_animate_when_almost_visible wpb_bottom-to-top bottom-to-top\">\n\t\t<div class=\"wpb_wrapper\">\n\t\t\t\n\t\t<\/div>\n\t<\/div>\n<ul>\n<li style=\"text-align: left;\">La structuration et la gestion de leurs projets<\/li>\n<li style=\"text-align: left;\">La formation de leurs \u00e9quipes<\/li>\n<li style=\"text-align: left;\">L\u2019accompagnement technique et le mentoring personnalis\u00e9<\/li>\n<li style=\"text-align: left;\">L\u2019assistance \u00e0 la lev\u00e9e de fonds<\/li>\n<li style=\"text-align: left;\">Networking et mise en relations avec les acteurs cl\u00e9s de l\u2019\u00e9cosyst\u00e8me entrepreneurial<\/li>\n<\/ul>\n\n\t\t<\/div>\n\t<\/div>\n<\/div><\/div><\/div><div class=\"wpb_column vc_column_container vc_col-sm-2\"><div class=\"vc_column-inner\"><div class=\"wpb_wrapper\"><\/div><\/div><\/div><\/div><div class=\"vc_row wpb_row vc_row-fluid\"><div class=\"wpb_column vc_column_container vc_col-sm-2\"><div class=\"vc_column-inner\"><div class=\"wpb_wrapper\"><\/div><\/div><\/div><div class=\"wpb_column vc_column_container vc_col-sm-8\"><div class=\"vc_column-inner\"><div class=\"wpb_wrapper\">\t\t<div class=\"mega-accordion maw_accordion_445\" data-active=\"false\" data-anim=\"350\" data-event=\"click\" data-closeicons=\"fa fa-plus\" data-activeicons=\"fa fa-minus\">\r\n\t\t\t\t\t<h3 class=\"ac-style\" id=\"\" style=\"text-align: left;margin-top: 0px;border-width: 0px 0px 0px 0px;border-style: solid;border-color:;border-radius: px;color: #041b7b;background:;font-size: 16px;padding-top: px;padding-bottom: px\">\r\n\t\t\tProcess\u00a0adopt\u00e9\t\t<\/h3>\r\n\t\t<div class=\"mega-panel\" style=\"margin-bottom: 0px;background:;border-width: 0px 0px 0px 0px;border-style: solid;border-color:\">\r\n\t\t  \n<ol>\n<li>Appel \u00e0 candidature<\/li>\n<li>Hackathon<\/li>\n<li>&nbsp;Pitch Day<\/li>\n<li>Incubation and personalized support<\/li>\n<li>Demo day<\/li>\n<\/ol>\n<p>\t\t<\/p><\/div>\r\n\r\n\t\t\t\t<h3 class=\"ac-style\" id=\"\" style=\"text-align: left;margin-top: 0px;border-width: 0px 0px 0px 0px;border-style: solid;border-color:;border-radius: px;color: #041b7b;background:;font-size: 16px;padding-top: px;padding-bottom: px\">\r\n\t\t\tCrit\u00e8res d\u2019\u00e9l\u00e9gibilit\u00e9\t\t<\/h3>\r\n\t\t<div class=\"mega-panel\" style=\"margin-bottom: 0px;background:;border-width: 0px 0px 0px 0px;border-style: solid;border-color:\">\r\n\t\t  \n<ul>\n<li>Porteurs d\u2019id\u00e9e dans le cadre du secteur trait\u00e9<\/li>\n<li>Professionnels, dipl\u00f4m\u00e9s ou ayant une exp\u00e9rience dans le secteur trait\u00e9<\/li>\n<li>Personne voulant entreprendre et cr\u00e9er une startup dans le secteur trait\u00e9<\/li>\n<\/ul>\n<p>\t\t<\/p><\/div>\r\n\r\n\t\t\t\t<h3 class=\"ac-style\" id=\"\" style=\"text-align: left;margin-top: 0px;border-width: 0px 0px 0px 0px;border-style: solid;border-color:;border-radius: px;color: #041b7b;background:;font-size: 16px;padding-top: px;padding-bottom: px\">\r\n\t\t\tAvantages\t\t<\/h3>\r\n\t\t<div class=\"mega-panel\" style=\"margin-bottom: 0px;background:;border-width: 0px 0px 0px 0px;border-style: solid;border-color:\">\r\n\t\t  \n<ul>\n<li>4 mois de formations diverses et sortir avec un Business Plan Bancable<\/li>\n<li>Incubation et Accompagnement personnalis\u00e9 et complet<\/li>\n<li>Etre coach\u00e9 par une grande PME dans le domaine qui favorise l\u2019acc\u00e8s au march\u00e9 et facilite le parcours des entrepreneurs<\/li>\n<li>Pitcher devant des comit\u00e9s d&#039;investissement en vue de d\u00e9crocher un financement\/lev\u00e9e de\nfonds<\/li>\n<li>Avoir un acc\u00e8s direct \u00e0 l&#039;\u00e9cosyst\u00e8me fran\u00e7ais et gestion de la logistique \u00e0 Paris<\/li>\n<li>Networking et rencontre avec les acteurs cl\u00e9s de l&#039;\u00e9cosyst\u00e8me entrepreneurial Tunisien et\n\u00e9tranger<\/li>\n<li>Etre labellis\u00e9 sur la plateforme Euroquity pour plus de visibilit\u00e9 et cr\u00e9dibilit\u00e9 vis-\u00e0-vis d\u2019investisseurs \u00e9trangers.<\/li>\n<li>Etre guider et accompagner par des experts de renom en contact direct avec l\u2019entrepreneur<\/li>\n<\/ul>\n<p>\t\t<\/p><\/div>\r\n\r\n\t\t\t\t<\/div>\r\n\r\n\t\t<style>\r\n\t\t\t.maw_accordion_445 .ac-style .ui-accordion-header-icon {\r\n\t\t\t\tfont-size: 15px;\r\n\t\t\t}\r\n\t\t\t\r\n\t\t\t@media only screen and (max-width: 767px) {\r\n\t\t\t\t.maw_accordion_445 .ac-style {\r\n\t\t\t\t\tfont-size: px !important;\r\n\t\t\t\t}\r\n\t\t\t\t.maw_accordion_445 .ac-style .ui-accordion-header-icon {\r\n\t\t\t\t\tfont-size: px !important;\r\n\t\t\t\t}\r\n\t\t\t\t.maw_accordion_445 .mega-panel, \r\n\t\t\t\t.maw_accordion_445 .mega-panel * {\r\n\t\t\t\t\tfont-size: px !important;\r\n\t\t\t\t}\r\n\t\t\t}\r\n\t\t<\/style>\r\n\r\n\t\t<\/div><\/div><\/div><div class=\"wpb_column vc_column_container vc_col-sm-2\"><div class=\"vc_column-inner\"><div class=\"wpb_wrapper\"><\/div><\/div><\/div><\/div>\n<\/section>","protected":false},"excerpt":{"rendered":"<p>&nbsp; &nbsp; &nbsp; Sectoral support program dedicated to innovative project leaders in early stage in the Fintech and Agritech sectors. In these first [...]<\/p>","protected":false},"author":1,"featured_media":0,"parent":0,"menu_order":0,"comment_status":"closed","ping_status":"closed","template":"","meta":{"footnotes":""},"class_list":["post-3168","page","type-page","status-publish","hentry"],"_links":{"self":[{"href":"https:\/\/wikistartup.tn\/fr\/wp-json\/wp\/v2\/pages\/3168","targetHints":{"allow":["GET"]}}],"collection":[{"href":"https:\/\/wikistartup.tn\/fr\/wp-json\/wp\/v2\/pages"}],"about":[{"href":"https:\/\/wikistartup.tn\/fr\/wp-json\/wp\/v2\/types\/page"}],"author":[{"embeddable":true,"href":"https:\/\/wikistartup.tn\/fr\/wp-json\/wp\/v2\/users\/1"}],"replies":[{"embeddable":true,"href":"https:\/\/wikistartup.tn\/fr\/wp-json\/wp\/v2\/comments?post=3168"}],"version-history":[{"count":183,"href":"https:\/\/wikistartup.tn\/fr\/wp-json\/wp\/v2\/pages\/3168\/revisions"}],"predecessor-version":[{"id":4008,"href":"https:\/\/wikistartup.tn\/fr\/wp-json\/wp\/v2\/pages\/3168\/revisions\/4008"}],"wp:attachment":[{"href":"https:\/\/wikistartup.tn\/fr\/wp-json\/wp\/v2\/media?parent=3168"}],"curies":[{"name":"wp","href":"https:\/\/api.w.org\/{rel}","templated":true}]}}