{"id":2910,"date":"2023-02-03T17:54:25","date_gmt":"2023-02-03T17:54:25","guid":{"rendered":"https:\/\/wikistartup.tn\/?page_id=2910"},"modified":"2023-03-31T11:48:23","modified_gmt":"2023-03-31T11:48:23","slug":"early-stage","status":"publish","type":"page","link":"https:\/\/wikistartup.tn\/fr\/early-stage\/","title":{"rendered":"<p>EARLY STAGE<\/p>"},"content":{"rendered":"<section class=\"wpb-content-wrapper\"><div class=\"vc_row wpb_row vc_row-fluid\"><div class=\"wpb_column vc_column_container vc_col-sm-12\"><div class=\"vc_column-inner\"><div class=\"wpb_wrapper\">\t\t<!-- HTML DESIGN HERE -->\r\n\t\t<div class=\"grid vc-interactive-banner\" id=\"vc-interactive-banner-22\">\r\n\t\t\t<figure class=\"effect-apollo\" style=\"background: #333333; width: 100%; max-width: px; width: 100%;\">\r\n\t\t\t\t<img decoding=\"async\" src=\"https:\/\/wikistartup.tn\/wp-content\/uploads\/2023\/03\/design-thinking.jpg\" alt=\"\" style=\"height: px; max-width: px; width: 100%;\">\r\n\t\t\t\t<figcaption>\r\n\t\t\t\t\t<div>\r\n\t\t\t\t\t\t<h2 style=\"font-size: 35px; color: #fbbe23; font-weight: 500;\">\r\n\t\t\t\t\t\t\t\t\t\t\t\t\t<\/h2>\r\n\t\t\t\t\t\t<p style=\"font-size: 15px; color: #fbbe23;\">\r\n\t\t\t\t\t\t\tEarly stage\r\n\t\t\t\t\t\t\t\t\t\t\t\t\t\t\t\t\t\t\t\t\t\t\t\t\t\t\t\t\r\n\t\t\t\t\t\t<\/p>\r\n\t\t\t\t\t<\/div>\r\n\t\t\t\t\t\t\t\t\t<\/figcaption>\t\t\t\r\n\t\t\t<\/figure>\r\n\t\t<\/div>\r\n\t\t<style>\r\n\t\t\t@media only screen and (max-width: 480px) {\r\n\t\t\t\t#vc-interactive-banner-22 h2 {\r\n\t\t\t\t\tfont-size: px !important;\r\n\t\t\t\t}\r\n\t\t\t\t#vc-interactive-banner-22 p {\r\n\t\t\t\t\tfont-size: px !important;\r\n\t\t\t\t}\r\n\t\t\t\t#vc-interactive-banner-22 img {\r\n\t\t\t\t\theight: px !important;\r\n\t\t\t\t}\r\n\t\t\t}\r\n\t\t<\/style>\r\n        <!-- HTML END DESIGN HERE -->\r\n\t\t<\/div><\/div><\/div><\/div><div class=\"vc_row wpb_row vc_row-fluid\"><div class=\"wpb_column vc_column_container vc_col-sm-12\"><div class=\"vc_column-inner\"><div class=\"wpb_wrapper\"><div class=\"kd-divider double_dotted divider_one_half\">\n                <div class=\"divider-line\" style=\"border-color:#fbbe23\"><\/div>\n            <\/div><\/div><\/div><\/div><\/div><div class=\"vc_row wpb_row vc_row-fluid\"><div class=\"wpb_column vc_column_container vc_col-sm-3\"><div class=\"vc_column-inner\"><div class=\"wpb_wrapper\"><\/div><\/div><\/div><div class=\"wpb_column vc_column_container vc_col-sm-6\"><div class=\"vc_column-inner\"><div class=\"wpb_wrapper\">\t\t<!-- HTML DESIGN HERE -->\n\n\t\t<div class=\"type-wrap type-wrap-379\" data-typespeed=\"90\" data-backspeed=\"500\" data-loop=\"false\" style=\"height: 50px; text-align: center;\">\n\t\t\t<span class=\"mega-prefix\" style=\"font-size: 24px; color: #041b7b;\"> <\/span>\n\t            <div class=\"typed-strings\">\n\t                <h2><span style=\"color: #fbbe23\">EARLY STAGE<\/span><\/h2>\n\t            <\/div>\n\t            <span class=\"typed\" style=\"white-space:pre;\"><\/span>\n\t            \t        <span class=\"mega-suffix\" style=\"font-size: 24px;color: #041b7b;\"> <\/span>\n        <\/div>\n\n        <style>\n\t\t\t.type-wrap-379 .typed{\n\t\t\t\tfont-size: 24px;\n\t\t\t}\n\t\t\t.type-wrap span {\n\t\t\t\tdisplay: inline-block;\n\t\t\t}\n\t\t\t@media only screen and (max-width: 768px) {\n\t\t\t\t.type-wrap-379 .typed,\n\t\t\t\t.type-wrap-379 .blink_me {\n\t\t\t\t\tfont-size: 18px !important;\n\t\t\t\t}\n\n\t\t\t\t.type-wrap-379 .mega-prefix,\n\t\t\t\t.type-wrap-379 .mega-suffix {\n\t\t\t\t\tfont-size: 18px !important;\n\t\t\t\t}\n\t\t\t}\n        <\/style>\n\n        <!-- HTML END DESIGN HERE -->\n\t\t<\/div><\/div><\/div><div class=\"wpb_column vc_column_container vc_col-sm-3\"><div class=\"vc_column-inner\"><div class=\"wpb_wrapper\"><\/div><\/div><\/div><\/div><div class=\"vc_row wpb_row vc_row-fluid\"><div class=\"wpb_column vc_column_container vc_col-sm-6\"><div class=\"vc_column-inner\"><div class=\"wpb_wrapper\"><div class=\"kd-photobox shine-effect kd-animated fadeInRight\"><div class=\"photobox-img\"><img loading=\"lazy\" decoding=\"async\" width=\"1280\" height=\"668\" src=\"https:\/\/wikistartup.tn\/wp-content\/uploads\/2023\/02\/startupnestlogo.png\" class=\"attachment-full\" alt=\"\" title=\"startupnestlogo\" srcset=\"https:\/\/wikistartup.tn\/wp-content\/uploads\/2023\/02\/startupnestlogo.png 1280w, https:\/\/wikistartup.tn\/wp-content\/uploads\/2023\/02\/startupnestlogo-300x157.png 300w, https:\/\/wikistartup.tn\/wp-content\/uploads\/2023\/02\/startupnestlogo-1024x534.png 1024w, https:\/\/wikistartup.tn\/wp-content\/uploads\/2023\/02\/startupnestlogo-768x401.png 768w\" sizes=\"auto, (max-width: 1280px) 100vw, 1280px\"><\/div><div class=\"phb-content text-left\">\n                  <h4>Startup Nest<\/h4>\n                  <p>Programme d\u2019accompagnement sectoriel d\u00e9di\u00e9 aux porteurs de projets innovants en early\/advanced stage dans les secteurs de la Fintech, de l\u2019Agritech et de la Technologie.<\/p><div class=\"phb-btncontainer\">\n                          <a href=\"https:\/\/wikistartup.tn\/fr\/startup-nest-early-stage\/\" target=\"\" title=\"Startup Nest\" class=\"phb-button\">En savoir plus<\/a>\n                      <\/div><\/div><\/div><\/div><\/div><\/div><div class=\"wpb_column vc_column_container vc_col-sm-6\"><div class=\"vc_column-inner\"><div class=\"wpb_wrapper\"><div class=\"kd-photobox shine-effect kd-animated fadeInRight\"><div class=\"photobox-img\"><img loading=\"lazy\" decoding=\"async\" width=\"1280\" height=\"668\" src=\"https:\/\/wikistartup.tn\/wp-content\/uploads\/2023\/02\/uni.png\" class=\"attachment-full\" alt=\"\" title=\"Univenture\" srcset=\"https:\/\/wikistartup.tn\/wp-content\/uploads\/2023\/02\/uni.png 1280w, https:\/\/wikistartup.tn\/wp-content\/uploads\/2023\/02\/uni-300x157.png 300w, https:\/\/wikistartup.tn\/wp-content\/uploads\/2023\/02\/uni-1024x534.png 1024w, https:\/\/wikistartup.tn\/wp-content\/uploads\/2023\/02\/uni-768x401.png 768w\" sizes=\"auto, (max-width: 1280px) 100vw, 1280px\"><\/div><div class=\"phb-content text-left\">\n                  <h4>Univenture<\/h4>\n                  <p>Programme d'essaimage visant \u00e0 valoriser la recherche scientifique et universitaire. Les 4 \u00e9ditions r\u00e9alis\u00e9es visaient \u00e0 valoriser des projets de recherche.<\/p><div class=\"phb-btncontainer\">\n                          <a href=\"https:\/\/wikistartup.tn\/fr\/univenture\/\" target=\"\" title=\"En savoir plus\" class=\"phb-button\">En savoir plus<\/a>\n                      <\/div><\/div><\/div><\/div><\/div><\/div><\/div>\n<\/section>","protected":false},"excerpt":{"rendered":"<p>Early stage EARLY STAGE Startup Nest Sectoral support program dedicated to innovative project leaders in early\/advanced internship in the Fintech, Agritech and Technology [...]<\/p>","protected":false},"author":1,"featured_media":2915,"parent":0,"menu_order":0,"comment_status":"closed","ping_status":"closed","template":"","meta":{"footnotes":""},"class_list":["post-2910","page","type-page","status-publish","has-post-thumbnail","hentry"],"_links":{"self":[{"href":"https:\/\/wikistartup.tn\/fr\/wp-json\/wp\/v2\/pages\/2910","targetHints":{"allow":["GET"]}}],"collection":[{"href":"https:\/\/wikistartup.tn\/fr\/wp-json\/wp\/v2\/pages"}],"about":[{"href":"https:\/\/wikistartup.tn\/fr\/wp-json\/wp\/v2\/types\/page"}],"author":[{"embeddable":true,"href":"https:\/\/wikistartup.tn\/fr\/wp-json\/wp\/v2\/users\/1"}],"replies":[{"embeddable":true,"href":"https:\/\/wikistartup.tn\/fr\/wp-json\/wp\/v2\/comments?post=2910"}],"version-history":[{"count":62,"href":"https:\/\/wikistartup.tn\/fr\/wp-json\/wp\/v2\/pages\/2910\/revisions"}],"predecessor-version":[{"id":4064,"href":"https:\/\/wikistartup.tn\/fr\/wp-json\/wp\/v2\/pages\/2910\/revisions\/4064"}],"wp:featuredmedia":[{"embeddable":true,"href":"https:\/\/wikistartup.tn\/fr\/wp-json\/wp\/v2\/media\/2915"}],"wp:attachment":[{"href":"https:\/\/wikistartup.tn\/fr\/wp-json\/wp\/v2\/media?parent=2910"}],"curies":[{"name":"wp","href":"https:\/\/api.w.org\/{rel}","templated":true}]}}