{"id":2803,"date":"2023-01-26T16:50:42","date_gmt":"2023-01-26T16:50:42","guid":{"rendered":"https:\/\/wikistartup.tn\/?page_id=2803"},"modified":"2023-03-06T17:20:00","modified_gmt":"2023-03-06T17:20:00","slug":"our-partners","status":"publish","type":"page","link":"https:\/\/wikistartup.tn\/fr\/our-partners\/","title":{"rendered":"<p>NOS PARTENAIRES<\/p>"},"content":{"rendered":"<section class=\"wpb-content-wrapper\"><div class=\"vc_row wpb_row vc_row-fluid\"><div class=\"wpb_column vc_column_container vc_col-sm-2\"><div class=\"vc_column-inner\"><div class=\"wpb_wrapper\"><\/div><\/div><\/div><div class=\"wpb_column vc_column_container vc_col-sm-8\"><div class=\"vc_column-inner\"><div class=\"wpb_wrapper\">\n\t<div class=\"wpb_text_column wpb_content_element  wpb_animate_when_almost_visible wpb_top-to-bottom top-to-bottom\">\n\t\t<div class=\"wpb_wrapper\">\n\t\t\t<h4 style=\"text-align: center;\"><span style=\"color: #041b7b;\">Nous travaillons \u00e0 entretenir toutes nos collaborations et \u00e0 \u00e9largir de jour en jour notre\nr\u00e9seau de partenaires et ainsi offrir \u00e0 nos b\u00e9n\u00e9ficiaires de meilleures prestations.\nIl serait fastidieux de pr\u00e9senter la liste exhaustive de tous nos partenaires mais voici quelques exemples de collaborations qui illustrent une partie de notre savoir-faire<\/span><\/h4>\n\n\t\t<\/div>\n\t<\/div>\n<\/div><\/div><\/div><div class=\"wpb_column vc_column_container vc_col-sm-2\"><div class=\"vc_column-inner\"><div class=\"wpb_wrapper\"><\/div><\/div><\/div><\/div><div class=\"vc_row wpb_row vc_row-fluid\"><div class=\"wpb_column vc_column_container vc_col-sm-12\"><div class=\"vc_column-inner\"><div class=\"wpb_wrapper\">\n\t<div class=\"wpb_single_image wpb_content_element vc_align_left\">\n\t\t\n\t\t<figure class=\"wpb_wrapper vc_figure\">\n\t\t\t<div class=\"vc_single_image-wrapper   vc_box_border_grey\"><img loading=\"lazy\" decoding=\"async\" width=\"2400\" height=\"932\" src=\"https:\/\/wikistartup.tn\/wp-content\/uploads\/2023\/02\/partners-full.png\" class=\"vc_single_image-img attachment-full\" alt=\"\" title=\"partners-full\" srcset=\"https:\/\/wikistartup.tn\/wp-content\/uploads\/2023\/02\/partners-full.png 2400w, https:\/\/wikistartup.tn\/wp-content\/uploads\/2023\/02\/partners-full-300x117.png 300w, https:\/\/wikistartup.tn\/wp-content\/uploads\/2023\/02\/partners-full-1024x398.png 1024w, https:\/\/wikistartup.tn\/wp-content\/uploads\/2023\/02\/partners-full-768x298.png 768w, https:\/\/wikistartup.tn\/wp-content\/uploads\/2023\/02\/partners-full-1536x596.png 1536w, https:\/\/wikistartup.tn\/wp-content\/uploads\/2023\/02\/partners-full-2048x795.png 2048w\" sizes=\"auto, (max-width: 2400px) 100vw, 2400px\"><\/div>\n\t\t<\/figure>\n\t<\/div>\n<\/div><\/div><\/div><\/div>\n<\/section>","protected":false},"excerpt":{"rendered":"<p>We are working to maintain all our collaborations and to expand our network of partners on a daily basis of partners and thus [...]<\/p>","protected":false},"author":1,"featured_media":3833,"parent":0,"menu_order":0,"comment_status":"closed","ping_status":"closed","template":"","meta":{"footnotes":""},"class_list":["post-2803","page","type-page","status-publish","has-post-thumbnail","hentry"],"_links":{"self":[{"href":"https:\/\/wikistartup.tn\/fr\/wp-json\/wp\/v2\/pages\/2803","targetHints":{"allow":["GET"]}}],"collection":[{"href":"https:\/\/wikistartup.tn\/fr\/wp-json\/wp\/v2\/pages"}],"about":[{"href":"https:\/\/wikistartup.tn\/fr\/wp-json\/wp\/v2\/types\/page"}],"author":[{"embeddable":true,"href":"https:\/\/wikistartup.tn\/fr\/wp-json\/wp\/v2\/users\/1"}],"replies":[{"embeddable":true,"href":"https:\/\/wikistartup.tn\/fr\/wp-json\/wp\/v2\/comments?post=2803"}],"version-history":[{"count":43,"href":"https:\/\/wikistartup.tn\/fr\/wp-json\/wp\/v2\/pages\/2803\/revisions"}],"predecessor-version":[{"id":3837,"href":"https:\/\/wikistartup.tn\/fr\/wp-json\/wp\/v2\/pages\/2803\/revisions\/3837"}],"wp:featuredmedia":[{"embeddable":true,"href":"https:\/\/wikistartup.tn\/fr\/wp-json\/wp\/v2\/media\/3833"}],"wp:attachment":[{"href":"https:\/\/wikistartup.tn\/fr\/wp-json\/wp\/v2\/media?parent=2803"}],"curies":[{"name":"wp","href":"https:\/\/api.w.org\/{rel}","templated":true}]}}