{"id":2435,"date":"2022-12-27T13:24:20","date_gmt":"2022-12-27T13:24:20","guid":{"rendered":"https:\/\/wikistartup.tn\/?page_id=2435"},"modified":"2023-03-06T17:17:00","modified_gmt":"2023-03-06T17:17:00","slug":"our-alumni","status":"publish","type":"page","link":"https:\/\/wikistartup.tn\/fr\/our-alumni\/","title":{"rendered":"<p>NOS ALUMNI<\/p>"},"content":{"rendered":"<section class=\"wpb-content-wrapper\"><div class=\"vc_row wpb_row vc_row-fluid\"><div class=\"wpb_column vc_column_container vc_col-sm-2\"><div class=\"vc_column-inner\"><div class=\"wpb_wrapper\"><\/div><\/div><\/div><div class=\"wpb_column vc_column_container vc_col-sm-8\"><div class=\"vc_column-inner\"><div class=\"wpb_wrapper\">\n\t<div class=\"wpb_text_column wpb_content_element\">\n\t\t<div class=\"wpb_wrapper\">\n\t\t\t<h4 style=\"text-align: center;\"><span style=\"color: #041b7b;\">Nous poss\u00e9dons un large r\u00e9seau de startups ayant \u00e9taient accompagn\u00e9es par Wiki Startup\ndans le cadre de ses diff\u00e9rents programmes. Ces startups ont r\u00e9ussi \u00e0 d\u00e9velopper leurs activit\u00e9s et constituent une vraie communaut\u00e9 qui se met \u00e0 la disposition de la nouvelle g\u00e9n\u00e9ration des startups \u00e9mergentes.<\/span><\/h4>\n\n\t\t<\/div>\n\t<\/div>\n<\/div><\/div><\/div><div class=\"wpb_column vc_column_container vc_col-sm-2\"><div class=\"vc_column-inner\"><div class=\"wpb_wrapper\"><\/div><\/div><\/div><\/div><div class=\"vc_row wpb_row vc_row-fluid\"><div class=\"wpb_column vc_column_container vc_col-sm-12\"><div class=\"vc_column-inner\"><div class=\"wpb_wrapper\">\n\t<div class=\"wpb_single_image wpb_content_element vc_align_center\">\n\t\t\n\t\t<figure class=\"wpb_wrapper vc_figure\">\n\t\t\t<div class=\"vc_single_image-wrapper   vc_box_border_grey\"><img loading=\"lazy\" decoding=\"async\" width=\"1797\" height=\"705\" src=\"https:\/\/wikistartup.tn\/wp-content\/uploads\/2023\/01\/all.png\" class=\"vc_single_image-img attachment-full\" alt=\"\" title=\"all\" srcset=\"https:\/\/wikistartup.tn\/wp-content\/uploads\/2023\/01\/all.png 1797w, https:\/\/wikistartup.tn\/wp-content\/uploads\/2023\/01\/all-300x118.png 300w, https:\/\/wikistartup.tn\/wp-content\/uploads\/2023\/01\/all-1024x402.png 1024w, https:\/\/wikistartup.tn\/wp-content\/uploads\/2023\/01\/all-768x301.png 768w, https:\/\/wikistartup.tn\/wp-content\/uploads\/2023\/01\/all-1536x603.png 1536w\" sizes=\"auto, (max-width: 1797px) 100vw, 1797px\"><\/div>\n\t\t<\/figure>\n\t<\/div>\n<\/div><\/div><\/div><\/div>\n<\/section>","protected":false},"excerpt":{"rendered":"<p>We have a large network of startups that have been supported by Wiki Startup in the framework of its various programs. These startups [...]<\/p>","protected":false},"author":1,"featured_media":3833,"parent":0,"menu_order":9,"comment_status":"closed","ping_status":"closed","template":"","meta":{"footnotes":""},"class_list":["post-2435","page","type-page","status-publish","has-post-thumbnail","hentry"],"_links":{"self":[{"href":"https:\/\/wikistartup.tn\/fr\/wp-json\/wp\/v2\/pages\/2435","targetHints":{"allow":["GET"]}}],"collection":[{"href":"https:\/\/wikistartup.tn\/fr\/wp-json\/wp\/v2\/pages"}],"about":[{"href":"https:\/\/wikistartup.tn\/fr\/wp-json\/wp\/v2\/types\/page"}],"author":[{"embeddable":true,"href":"https:\/\/wikistartup.tn\/fr\/wp-json\/wp\/v2\/users\/1"}],"replies":[{"embeddable":true,"href":"https:\/\/wikistartup.tn\/fr\/wp-json\/wp\/v2\/comments?post=2435"}],"version-history":[{"count":37,"href":"https:\/\/wikistartup.tn\/fr\/wp-json\/wp\/v2\/pages\/2435\/revisions"}],"predecessor-version":[{"id":3834,"href":"https:\/\/wikistartup.tn\/fr\/wp-json\/wp\/v2\/pages\/2435\/revisions\/3834"}],"wp:featuredmedia":[{"embeddable":true,"href":"https:\/\/wikistartup.tn\/fr\/wp-json\/wp\/v2\/media\/3833"}],"wp:attachment":[{"href":"https:\/\/wikistartup.tn\/fr\/wp-json\/wp\/v2\/media?parent=2435"}],"curies":[{"name":"wp","href":"https:\/\/api.w.org\/{rel}","templated":true}]}}