{"id":2246,"date":"2015-11-23T11:08:25","date_gmt":"2015-11-23T11:08:25","guid":{"rendered":"http:\/\/keysoft-wp.keydesign-themes.com\/?page_id=9"},"modified":"2023-04-11T12:17:32","modified_gmt":"2023-04-11T12:17:32","slug":"we-are-proud-of-our-work","status":"publish","type":"page","link":"https:\/\/wikistartup.tn\/fr\/home\/we-are-proud-of-our-work\/","title":{"rendered":"<p>NOS PROGRAMMES<\/p>"},"content":{"rendered":"<section class=\"wpb-content-wrapper\"><div class=\"vc_row wpb_row vc_row-fluid\"><div class=\"wpb_column vc_column_container vc_col-sm-4\"><div class=\"vc_column-inner\"><div class=\"wpb_wrapper\"><div class=\"kd-photobox shine-effect kd-animated zoomIn\" data-animation-delay=\"200\"><a href=\"https:\/\/wikistartup.tn\/fr\/early-stage\/\" target=\"\" title=\"EARLY STAGE\"><div class=\"photobox-img\"><img loading=\"lazy\" decoding=\"async\" width=\"1024\" height=\"536\" src=\"https:\/\/wikistartup.tn\/wp-content\/uploads\/2023\/02\/Startup-Incubators-2-1024x536-1.webp\" class=\"attachment-full\" alt=\"\" title=\"Startup-Incubators-2-1024x536\" srcset=\"https:\/\/wikistartup.tn\/wp-content\/uploads\/2023\/02\/Startup-Incubators-2-1024x536-1.webp 1024w, https:\/\/wikistartup.tn\/wp-content\/uploads\/2023\/02\/Startup-Incubators-2-1024x536-1-300x157.webp 300w, https:\/\/wikistartup.tn\/wp-content\/uploads\/2023\/02\/Startup-Incubators-2-1024x536-1-768x402.webp 768w\" sizes=\"auto, (max-width: 1024px) 100vw, 1024px\"><\/div><div class=\"phb-content text-left\">\n                  <h4>Early Stage<\/h4>\n                  <p>Notre programme de d\u00e9marrage est con\u00e7u pour vous aider \u00e0 r\u00e9ussir. Profitez de la phase de pr\u00e9-incubation et d'incubation o\u00f9 vous recevrez des conseils pour affiner vos id\u00e9es, valider votre mod\u00e8le d'entreprise et construire une base solide pour votre startup.<\/p><\/div><\/a><\/div><\/div><\/div><\/div><div class=\"wpb_column vc_column_container vc_col-sm-4\"><div class=\"vc_column-inner\"><div class=\"wpb_wrapper\"><div class=\"kd-photobox shine-effect kd-animated fadeInRight\" data-animation-delay=\"400\"><a href=\"https:\/\/wikistartup.tn\/fr\/pre-seed-seed\/\" target=\"\" title=\"Pr&eacute;-amor&ccedil;age \/ amor&ccedil;age\"><div class=\"photobox-img\"><img loading=\"lazy\" decoding=\"async\" width=\"1200\" height=\"628\" src=\"https:\/\/wikistartup.tn\/wp-content\/uploads\/2023\/02\/Angel-Investors-Program-v2.jpg\" class=\"attachment-full\" alt=\"\" title=\"Angel-Investors-Program-v2\" srcset=\"https:\/\/wikistartup.tn\/wp-content\/uploads\/2023\/02\/Angel-Investors-Program-v2.jpg 1200w, https:\/\/wikistartup.tn\/wp-content\/uploads\/2023\/02\/Angel-Investors-Program-v2-300x157.jpg 300w, https:\/\/wikistartup.tn\/wp-content\/uploads\/2023\/02\/Angel-Investors-Program-v2-1024x536.jpg 1024w, https:\/\/wikistartup.tn\/wp-content\/uploads\/2023\/02\/Angel-Investors-Program-v2-768x402.jpg 768w\" sizes=\"auto, (max-width: 1200px) 100vw, 1200px\"><\/div><div class=\"phb-content text-left\">\n                  <h4>Pre-seed \/ Seed<\/h4>\n                  <p>Le programme de pr\u00e9-amor\u00e7age\/amor\u00e7age de startups offre un soutien et un financement essentiels aux startups en phase de d\u00e9marrage pour les aider \u00e0 valider et \u00e0 commercialiser leurs id\u00e9es. Il offre un mentorat, des ressources et un acc\u00e8s \u00e0 un r\u00e9seau d'investisseurs pour aider les startups \u00e0 construire une base solide et \u00e0 r\u00e9ussir.<\/p><\/div><\/a><\/div><\/div><\/div><\/div><div class=\"wpb_column vc_column_container vc_col-sm-4\"><div class=\"vc_column-inner\"><div class=\"wpb_wrapper\"><div class=\"kd-photobox shine-effect kd-animated fadeInLeft\" data-animation-delay=\"800\"><a href=\"https:\/\/wikistartup.tn\/fr\/growth-2\/\" target=\"\" title=\"Growth\"><div class=\"photobox-img\"><img loading=\"lazy\" decoding=\"async\" width=\"1204\" height=\"633\" src=\"https:\/\/wikistartup.tn\/wp-content\/uploads\/2023\/02\/Section4-Marketing_2-copie.jpg\" class=\"attachment-full\" alt=\"\" title=\"Group of Multiethnic Busy People Working in an Office\" srcset=\"https:\/\/wikistartup.tn\/wp-content\/uploads\/2023\/02\/Section4-Marketing_2-copie.jpg 1204w, https:\/\/wikistartup.tn\/wp-content\/uploads\/2023\/02\/Section4-Marketing_2-copie-300x158.jpg 300w, https:\/\/wikistartup.tn\/wp-content\/uploads\/2023\/02\/Section4-Marketing_2-copie-1024x538.jpg 1024w, https:\/\/wikistartup.tn\/wp-content\/uploads\/2023\/02\/Section4-Marketing_2-copie-768x404.jpg 768w\" sizes=\"auto, (max-width: 1204px) 100vw, 1204px\"><\/div><div class=\"phb-content text-left\">\n                  <h4>Growth<\/h4>\n                  <p>Le programme d'acc\u00e9l\u00e9ration et de croissance des startups aide les startups \u00e9tablies \u00e0 d\u00e9velopper leurs activit\u00e9s. Il offre un acc\u00e8s au financement, au mentorat, aux ressources et \u00e0 un r\u00e9seau d'experts pour aider les entreprises \u00e0 atteindre leur plein potentiel et \u00e0 r\u00e9ussir \u00e0 long terme.<\/p><\/div><\/a><\/div><\/div><\/div><\/div><\/div>\n<\/section>","protected":false},"excerpt":{"rendered":"<p>Early Stage Our startup program is designed to help you succeed. Benefit from the pre-incubation and incubation phase where you will receive guidance [...]<\/p>","protected":false},"author":1,"featured_media":0,"parent":361,"menu_order":6,"comment_status":"closed","ping_status":"closed","template":"","meta":{"footnotes":""},"class_list":["post-2246","page","type-page","status-publish","hentry"],"_links":{"self":[{"href":"https:\/\/wikistartup.tn\/fr\/wp-json\/wp\/v2\/pages\/2246","targetHints":{"allow":["GET"]}}],"collection":[{"href":"https:\/\/wikistartup.tn\/fr\/wp-json\/wp\/v2\/pages"}],"about":[{"href":"https:\/\/wikistartup.tn\/fr\/wp-json\/wp\/v2\/types\/page"}],"author":[{"embeddable":true,"href":"https:\/\/wikistartup.tn\/fr\/wp-json\/wp\/v2\/users\/1"}],"replies":[{"embeddable":true,"href":"https:\/\/wikistartup.tn\/fr\/wp-json\/wp\/v2\/comments?post=2246"}],"version-history":[{"count":25,"href":"https:\/\/wikistartup.tn\/fr\/wp-json\/wp\/v2\/pages\/2246\/revisions"}],"predecessor-version":[{"id":4109,"href":"https:\/\/wikistartup.tn\/fr\/wp-json\/wp\/v2\/pages\/2246\/revisions\/4109"}],"up":[{"embeddable":true,"href":"https:\/\/wikistartup.tn\/fr\/wp-json\/wp\/v2\/pages\/361"}],"wp:attachment":[{"href":"https:\/\/wikistartup.tn\/fr\/wp-json\/wp\/v2\/media?parent=2246"}],"curies":[{"name":"wp","href":"https:\/\/api.w.org\/{rel}","templated":true}]}}