{"id":2245,"date":"2015-11-23T11:07:47","date_gmt":"2015-11-23T11:07:47","guid":{"rendered":"http:\/\/keysoft-wp.keydesign-themes.com\/?page_id=7"},"modified":"2023-04-05T10:41:51","modified_gmt":"2023-04-05T10:41:51","slug":"about-us","status":"publish","type":"page","link":"https:\/\/wikistartup.tn\/fr\/home\/about-us\/","title":{"rendered":"<p>NOTRE EXPERTISE<\/p>"},"content":{"rendered":"<section class=\"wpb-content-wrapper\"><div class=\"vc_row wpb_row vc_row-fluid\"><div class=\"wpb_column vc_column_container vc_col-sm-12\"><div class=\"vc_column-inner\"><div class=\"wpb_wrapper\"><div class=\"vc_empty_space\" style=\"height: 16px\"><span class=\"vc_empty_space_inner\"><\/span><\/div><\/div><\/div><\/div><\/div><div class=\"vc_row wpb_row vc_row-fluid\"><div class=\"wpb_column vc_column_container vc_col-sm-3\"><div class=\"vc_column-inner\"><div class=\"wpb_wrapper\"><div class=\"key-icon-box icon-circle icon-top  kd-animated fadeInUp\"><div class=\"tt-iconbox-customimg img_small_size\"><img loading=\"lazy\" decoding=\"async\" width=\"220\" height=\"161\" src=\"https:\/\/wikistartup.tn\/wp-content\/uploads\/2023\/01\/networking.png\" class=\"attachment-full\" alt=\"\" title=\"networking\"><\/div><h4 class=\"service-heading\">R\u00e9seautage<\/h4><p>Nous aidons les entrepreneurs \u00e0 d\u00e9velopper leur carnet d\u2019adresse \u00e0 travers la mise en contact directe avec les acteurs cl\u00e9s de l\u2019\u00e9cosyst\u00e8me entrepreneurial, et la participation \u00e0 des \u00e9v\u00e9nements d\u2019envergure\u2026<\/p><\/div><\/div><\/div><\/div><div class=\"wpb_column vc_column_container vc_col-sm-3\"><div class=\"vc_column-inner\"><div class=\"wpb_wrapper\"><div class=\"key-icon-box icon-circle icon-top  kd-animated fadeInUp\" data-animation-delay=\"200\"><div class=\"tt-iconbox-customimg img_small_size\"><img loading=\"lazy\" decoding=\"async\" width=\"203\" height=\"200\" src=\"https:\/\/wikistartup.tn\/wp-content\/uploads\/2023\/01\/financement.png\" class=\"attachment-full\" alt=\"\" title=\"financement\"><\/div><h4 class=\"service-heading\">Financement<\/h4><p>Tous nos programmes donnent aux laur\u00e9ats un acc\u00e8s \u00e0 des tickets d'investissement, des business vouchers, et autres avantages en num\u00e9raire.<\/p><\/div><\/div><\/div><\/div><div class=\"wpb_column vc_column_container vc_col-sm-3\"><div class=\"vc_column-inner\"><div class=\"wpb_wrapper\"><div class=\"key-icon-box icon-circle icon-top  kd-animated fadeInUp\" data-animation-delay=\"400\"><div class=\"tt-iconbox-customimg img_small_size\"><img loading=\"lazy\" decoding=\"async\" width=\"204\" height=\"201\" src=\"https:\/\/wikistartup.tn\/wp-content\/uploads\/2023\/01\/accompagnement.png\" class=\"attachment-full\" alt=\"\" title=\"accompagnement\"><\/div><h4 class=\"service-heading\">Accompagnement<\/h4><p>Les programmes mis en \u0153uvre par WSU comprennent des process complets et personnalis\u00e9s, des formations diverses et des plans de d\u00e9veloppement d\u00e9finis.<\/p><\/div><\/div><\/div><\/div><div class=\"wpb_column vc_column_container vc_col-sm-3\"><div class=\"vc_column-inner\"><div class=\"wpb_wrapper\"><div class=\"key-icon-box icon-circle icon-top  kd-animated fadeInUp\" data-animation-delay=\"600\"><div class=\"tt-iconbox-customimg img_small_size\"><img loading=\"lazy\" decoding=\"async\" width=\"237\" height=\"242\" src=\"https:\/\/wikistartup.tn\/wp-content\/uploads\/2023\/01\/scale-up.png\" class=\"attachment-full\" alt=\"\" title=\"scale up\"><\/div><h4 class=\"service-heading\">Scale up<\/h4><p>Accompagner les startups \u00e0 monter en comp\u00e9tences gr\u00e2ce \u00e0 une strat\u00e9gie d\u2019acc\u00e9l\u00e9ration de la croissance, en particulier \u00e0 l\u2019international.<\/p><\/div><\/div><\/div><\/div><\/div>\n<\/section>","protected":false},"excerpt":{"rendered":"<p>NetworkingWe help entrepreneurs develop their address book through direct contact with key players in the entrepreneurial ecosystem and participation in major events.FinancingAll of [...]<\/p>","protected":false},"author":1,"featured_media":0,"parent":361,"menu_order":5,"comment_status":"closed","ping_status":"closed","template":"","meta":{"footnotes":""},"class_list":["post-2245","page","type-page","status-publish","hentry"],"_links":{"self":[{"href":"https:\/\/wikistartup.tn\/fr\/wp-json\/wp\/v2\/pages\/2245","targetHints":{"allow":["GET"]}}],"collection":[{"href":"https:\/\/wikistartup.tn\/fr\/wp-json\/wp\/v2\/pages"}],"about":[{"href":"https:\/\/wikistartup.tn\/fr\/wp-json\/wp\/v2\/types\/page"}],"author":[{"embeddable":true,"href":"https:\/\/wikistartup.tn\/fr\/wp-json\/wp\/v2\/users\/1"}],"replies":[{"embeddable":true,"href":"https:\/\/wikistartup.tn\/fr\/wp-json\/wp\/v2\/comments?post=2245"}],"version-history":[{"count":11,"href":"https:\/\/wikistartup.tn\/fr\/wp-json\/wp\/v2\/pages\/2245\/revisions"}],"predecessor-version":[{"id":4086,"href":"https:\/\/wikistartup.tn\/fr\/wp-json\/wp\/v2\/pages\/2245\/revisions\/4086"}],"up":[{"embeddable":true,"href":"https:\/\/wikistartup.tn\/fr\/wp-json\/wp\/v2\/pages\/361"}],"wp:attachment":[{"href":"https:\/\/wikistartup.tn\/fr\/wp-json\/wp\/v2\/media?parent=2245"}],"curies":[{"name":"wp","href":"https:\/\/api.w.org\/{rel}","templated":true}]}}