{"id":19,"date":"2015-11-24T11:06:49","date_gmt":"2015-11-24T11:06:49","guid":{"rendered":"http:\/\/keysoft-wp.keydesign-themes.com\/?page_id=19"},"modified":"2023-03-07T22:50:17","modified_gmt":"2023-03-07T22:50:17","slug":"solutions","status":"publish","type":"page","link":"https:\/\/wikistartup.tn\/fr\/home\/solutions\/","title":{"rendered":"<p>NOS SERVICES<\/p>"},"content":{"rendered":"<section class=\"wpb-content-wrapper\"><div class=\"vc_row wpb_row vc_row-fluid\"><div class=\"wpb_column vc_column_container vc_col-sm-12\"><div class=\"vc_column-inner\"><div class=\"wpb_wrapper\"><div class=\"vc_empty_space\" style=\"height: 20px\"><span class=\"vc_empty_space_inner\"><\/span><\/div>\r\n            <div class=\"kd-process-steps process_three_elem\">\r\n                <ul>\r\n                <li>\r\n                    <div class=\"pss-container kd-animated fadeIn\" data-animation-delay=\"200\"><div class=\"pss-img-area\"><div class=\"process-icon\"><i class=\"fas fa-users fa\"><\/i><\/div><\/div>\r\n                        <div class=\"pss-text-area\">\r\n                            <h4>Incubation et Acc\u00e9l\u00e9ration<\/h4>\r\n                            <p>Aider les entrepreneurs \u00e0 fort potentiel \u00e0 structurer leurs projets innovants gr\u00e2ce \u00e0 des programmes d'incubation et d'acc\u00e9l\u00e9ration correspondant \u00e0 leurs besoins et \u00e0 leur stade de d\u00e9veloppement.<\/p><\/div>\r\n                    <\/div>\r\n                <\/li>\r\n                <li>\r\n                    <div class=\"pss-container kd-animated fadeIn\" data-animation-delay=\"400\"><div class=\"pss-img-area\"><div class=\"process-icon\"><i class=\"fas fa-wifi fa\"><\/i><\/div><\/div>\r\n                        <div class=\"pss-text-area\">\r\n                            <h4>R\u00e9seau<\/h4>\r\n                            <p>Assurer un acc\u00e8s privil\u00e9gi\u00e9 aux investisseurs en les mettant en relation avec des entrepreneurs \u00e0 fort potentiel, form\u00e9s et ouverts \u00e0 l'\u00e9change.<\/p><\/div>\r\n                    <\/div>\r\n                <\/li>\r\n                <li>\r\n                    <div class=\"pss-container kd-animated fadeIn\" data-animation-delay=\"600\"><div class=\"pss-img-area\"><div class=\"process-icon\"><i class=\"fas fa-life-ring fa\"><\/i><\/div><\/div>\r\n                        <div class=\"pss-text-area\">\r\n                            <h4>Accompagnement<\/h4>\r\n                            <p>Cr\u00e9er des programmes d\u2019accompagnement en marque blanches pour des institutions priv\u00e9es et publiques, des actions et concours ponctuels dans le but est la promotion, la vulgarisation de l\u2019innovation et l\u2019esprit entrepreneurial<\/p><\/div>\r\n                    <\/div>\r\n                <\/li><\/ul>\r\n            <\/div><\/div><\/div><\/div><\/div>\n<\/section>","protected":false},"excerpt":{"rendered":"<p>Incubation &amp; Acceleration Helping high-potential entrepreneurs structure their innovative projects through incubation and acceleration programs corresponding to their needs and stage of development. [...]<\/p>","protected":false},"author":1,"featured_media":0,"parent":361,"menu_order":0,"comment_status":"closed","ping_status":"closed","template":"","meta":{"footnotes":""},"class_list":["post-19","page","type-page","status-publish","hentry"],"_links":{"self":[{"href":"https:\/\/wikistartup.tn\/fr\/wp-json\/wp\/v2\/pages\/19","targetHints":{"allow":["GET"]}}],"collection":[{"href":"https:\/\/wikistartup.tn\/fr\/wp-json\/wp\/v2\/pages"}],"about":[{"href":"https:\/\/wikistartup.tn\/fr\/wp-json\/wp\/v2\/types\/page"}],"author":[{"embeddable":true,"href":"https:\/\/wikistartup.tn\/fr\/wp-json\/wp\/v2\/users\/1"}],"replies":[{"embeddable":true,"href":"https:\/\/wikistartup.tn\/fr\/wp-json\/wp\/v2\/comments?post=19"}],"version-history":[{"count":13,"href":"https:\/\/wikistartup.tn\/fr\/wp-json\/wp\/v2\/pages\/19\/revisions"}],"predecessor-version":[{"id":4105,"href":"https:\/\/wikistartup.tn\/fr\/wp-json\/wp\/v2\/pages\/19\/revisions\/4105"}],"up":[{"embeddable":true,"href":"https:\/\/wikistartup.tn\/fr\/wp-json\/wp\/v2\/pages\/361"}],"wp:attachment":[{"href":"https:\/\/wikistartup.tn\/fr\/wp-json\/wp\/v2\/media?parent=19"}],"curies":[{"name":"wp","href":"https:\/\/api.w.org\/{rel}","templated":true}]}}